{"id":828,"date":"2024-09-20T10:17:29","date_gmt":"2024-09-20T08:17:29","guid":{"rendered":"https:\/\/bitscope.umk.pl\/?page_id=828"},"modified":"2024-09-20T10:41:11","modified_gmt":"2024-09-20T08:41:11","slug":"waldemar-cieslak","status":"publish","type":"page","link":"https:\/\/bitscope.umk.pl\/en\/waldemar-cieslak\/","title":{"rendered":"Waldemar Cie\u015blak"},"content":{"rendered":"<div data-elementor-type=\"wp-page\" data-elementor-id=\"828\" class=\"elementor elementor-828\" data-elementor-post-type=\"page\">\n\t\t\t\t\t\t<section class=\"elementor-section elementor-top-section elementor-element elementor-element-eb1834a elementor-section-boxed elementor-section-height-default elementor-section-height-default\" data-id=\"eb1834a\" data-element_type=\"section\" data-e-type=\"section\">\n\t\t\t\t\t\t<div class=\"elementor-container elementor-column-gap-default\">\n\t\t\t\t\t<div class=\"elementor-column elementor-col-33 elementor-top-column elementor-element elementor-element-bafda1c\" data-id=\"bafda1c\" data-element_type=\"column\" data-e-type=\"column\">\n\t\t\t<div class=\"elementor-widget-wrap elementor-element-populated\">\n\t\t\t\t\t\t<div class=\"elementor-element elementor-element-b030007 elementor-widget elementor-widget-image\" data-id=\"b030007\" data-element_type=\"widget\" data-e-type=\"widget\" data-widget_type=\"image.default\">\n\t\t\t\t<div class=\"elementor-widget-container\">\n\t\t\t\t\t\t\t\t\t\t\t\t\t\t\t<img fetchpriority=\"high\" decoding=\"async\" width=\"771\" height=\"1024\" src=\"https:\/\/bitscope.umk.pl\/wp-content\/uploads\/2024\/09\/Waldemar-771x1024.jpg\" class=\"attachment-large size-large wp-image-797\" alt=\"Waldemar Cie\u015blak\" srcset=\"https:\/\/bitscope.umk.pl\/wp-content\/uploads\/2024\/09\/Waldemar-771x1024.jpg 771w, https:\/\/bitscope.umk.pl\/wp-content\/uploads\/2024\/09\/Waldemar-226x300.jpg 226w, https:\/\/bitscope.umk.pl\/wp-content\/uploads\/2024\/09\/Waldemar-768x1020.jpg 768w, https:\/\/bitscope.umk.pl\/wp-content\/uploads\/2024\/09\/Waldemar-1157x1536.jpg 1157w, https:\/\/bitscope.umk.pl\/wp-content\/uploads\/2024\/09\/Waldemar-9x12.jpg 9w, https:\/\/bitscope.umk.pl\/wp-content\/uploads\/2024\/09\/Waldemar.jpg 1536w\" sizes=\"(max-width: 771px) 100vw, 771px\" \/>\t\t\t\t\t\t\t\t\t\t\t\t\t\t\t<\/div>\n\t\t\t\t<\/div>\n\t\t\t\t\t<\/div>\n\t\t<\/div>\n\t\t\t\t<div class=\"elementor-column elementor-col-66 elementor-top-column elementor-element elementor-element-33165cf\" data-id=\"33165cf\" data-element_type=\"column\" data-e-type=\"column\">\n\t\t\t<div class=\"elementor-widget-wrap elementor-element-populated\">\n\t\t\t\t\t\t<div class=\"elementor-element elementor-element-f17fca6 elementor-widget elementor-widget-text-editor\" data-id=\"f17fca6\" data-element_type=\"widget\" data-e-type=\"widget\" data-widget_type=\"text-editor.default\">\n\t\t\t\t<div class=\"elementor-widget-container\">\n\t\t\t\t\t\t\t\t\t<p><strong>Waldemar Cie\u015blak<\/strong> - engineering and technical specialist, Institute of Information and Communication Research<\/p>\t\t\t\t\t\t\t\t<\/div>\n\t\t\t\t<\/div>\n\t\t\t\t\t<\/div>\n\t\t<\/div>\n\t\t\t\t\t<\/div>\n\t\t<\/section>\n\t\t\t\t<\/div>","protected":false},"excerpt":{"rendered":"<p>Waldemar Cie\u015blak &#8211; specjalista in\u017cynieryjno-techniczny, Instytut Bada\u0144 Informacji i Komunikacji.<\/p>","protected":false},"author":2,"featured_media":0,"parent":0,"menu_order":0,"comment_status":"closed","ping_status":"closed","template":"","meta":{"footnotes":""},"class_list":["post-828","page","type-page","status-publish","hentry"],"_links":{"self":[{"href":"https:\/\/bitscope.umk.pl\/en\/wp-json\/wp\/v2\/pages\/828","targetHints":{"allow":["GET"]}}],"collection":[{"href":"https:\/\/bitscope.umk.pl\/en\/wp-json\/wp\/v2\/pages"}],"about":[{"href":"https:\/\/bitscope.umk.pl\/en\/wp-json\/wp\/v2\/types\/page"}],"author":[{"embeddable":true,"href":"https:\/\/bitscope.umk.pl\/en\/wp-json\/wp\/v2\/users\/2"}],"replies":[{"embeddable":true,"href":"https:\/\/bitscope.umk.pl\/en\/wp-json\/wp\/v2\/comments?post=828"}],"version-history":[{"count":7,"href":"https:\/\/bitscope.umk.pl\/en\/wp-json\/wp\/v2\/pages\/828\/revisions"}],"predecessor-version":[{"id":848,"href":"https:\/\/bitscope.umk.pl\/en\/wp-json\/wp\/v2\/pages\/828\/revisions\/848"}],"wp:attachment":[{"href":"https:\/\/bitscope.umk.pl\/en\/wp-json\/wp\/v2\/media?parent=828"}],"curies":[{"name":"wp","href":"https:\/\/api.w.org\/{rel}","templated":true}]}}