{"id":589,"date":"2023-09-18T22:10:05","date_gmt":"2023-09-18T20:10:05","guid":{"rendered":"https:\/\/bitscope.umk.pl\/?page_id=589"},"modified":"2023-09-18T22:12:59","modified_gmt":"2023-09-18T20:12:59","slug":"konrad-poreba","status":"publish","type":"page","link":"https:\/\/bitscope.umk.pl\/en\/konrad-poreba\/","title":{"rendered":"Konrad Por\u0119ba"},"content":{"rendered":"<div data-elementor-type=\"wp-page\" data-elementor-id=\"589\" class=\"elementor elementor-589\" data-elementor-post-type=\"page\">\n\t\t\t\t\t\t<section class=\"elementor-section elementor-top-section elementor-element elementor-element-faffdfc elementor-section-boxed elementor-section-height-default elementor-section-height-default\" data-id=\"faffdfc\" data-element_type=\"section\" data-e-type=\"section\">\n\t\t\t\t\t\t<div class=\"elementor-container elementor-column-gap-default\">\n\t\t\t\t\t<div class=\"elementor-column elementor-col-50 elementor-top-column elementor-element elementor-element-edcd696\" data-id=\"edcd696\" data-element_type=\"column\" data-e-type=\"column\">\n\t\t\t<div class=\"elementor-widget-wrap elementor-element-populated\">\n\t\t\t\t\t\t<div class=\"elementor-element elementor-element-d53a92b elementor-widget elementor-widget-image\" data-id=\"d53a92b\" data-element_type=\"widget\" data-e-type=\"widget\" data-widget_type=\"image.default\">\n\t\t\t\t<div class=\"elementor-widget-container\">\n\t\t\t\t\t\t\t\t\t\t\t\t\t\t\t<img fetchpriority=\"high\" decoding=\"async\" width=\"300\" height=\"300\" src=\"https:\/\/bitscope.umk.pl\/wp-content\/uploads\/2023\/09\/K_Poreba-300x300.jpg\" class=\"attachment-medium size-medium wp-image-592\" alt=\"\" srcset=\"https:\/\/bitscope.umk.pl\/wp-content\/uploads\/2023\/09\/K_Poreba-300x300.jpg 300w, https:\/\/bitscope.umk.pl\/wp-content\/uploads\/2023\/09\/K_Poreba-150x150.jpg 150w, https:\/\/bitscope.umk.pl\/wp-content\/uploads\/2023\/09\/K_Poreba-12x12.jpg 12w, https:\/\/bitscope.umk.pl\/wp-content\/uploads\/2023\/09\/K_Poreba.jpg 512w\" sizes=\"(max-width: 300px) 100vw, 300px\" \/>\t\t\t\t\t\t\t\t\t\t\t\t\t\t\t<\/div>\n\t\t\t\t<\/div>\n\t\t\t\t\t<\/div>\n\t\t<\/div>\n\t\t\t\t<div class=\"elementor-column elementor-col-50 elementor-top-column elementor-element elementor-element-7f82fdf\" data-id=\"7f82fdf\" data-element_type=\"column\" data-e-type=\"column\">\n\t\t\t<div class=\"elementor-widget-wrap elementor-element-populated\">\n\t\t\t\t\t\t<div class=\"elementor-element elementor-element-54af4de elementor-widget elementor-widget-text-editor\" data-id=\"54af4de\" data-element_type=\"widget\" data-e-type=\"widget\" data-widget_type=\"text-editor.default\">\n\t\t\t\t<div class=\"elementor-widget-container\">\n\t\t\t\t\t\t\t\t\t<p>In\u017cynier informatyk, absolwent studi\u00f3w podyplomowych o Nowoczesnych Sieciach Teleinformatycznych na Akademii G\u00f3rniczo-Hutniczej w Krakowie, obecnie w trakcie studi\u00f3w magisterskich z informatyki ze specjalno\u015bci\u0105 w in\u017cynierii oprogramowania na Uniwersytecie Jagiello\u0144skim w Krakowie. Zawodowo in\u017cynier oprogramowania specjalizuj\u0105cy si\u0119 w testowaniu oprogramowania, zapewnianiu jako\u015bci, devops i automatyzacji z ponad 4-letnim do\u015bwiadczeniem komercyjnym (g\u0142\u00f3wnie w bran\u017cy FinTech). Naukowo zainteresowany in\u017cynieri\u0105 oprogramowania, testowaniem i weryfikacj\u0105 oprogramowania, j\u0119zykami programowania i wzorcami projektowymi.<\/p><p>\u00a0<\/p><p>Prywatnie interesuje si\u0119 ekonomi\u0105, broni\u0105 paln\u0105, strzelectwem sportowym, gotowaniem, kinem i polityk\u0105<\/p>\t\t\t\t\t\t\t\t<\/div>\n\t\t\t\t<\/div>\n\t\t\t\t\t<\/div>\n\t\t<\/div>\n\t\t\t\t\t<\/div>\n\t\t<\/section>\n\t\t\t\t<\/div>","protected":false},"excerpt":{"rendered":"<p>In\u017cynier informatyk, absolwent studi\u00f3w podyplomowych o Nowoczesnych Sieciach Teleinformatycznych na Akademii G\u00f3rniczo-Hutniczej w Krakowie, obecnie w trakcie studi\u00f3w magisterskich z informatyki ze specjalno\u015bci\u0105 w in\u017cynierii oprogramowania na Uniwersytecie Jagiello\u0144skim w Krakowie. Zawodowo in\u017cynier oprogramowania specjalizuj\u0105cy si\u0119 w testowaniu oprogramowania, zapewnianiu jako\u015bci, devops i automatyzacji z ponad 4-letnim do\u015bwiadczeniem komercyjnym (g\u0142\u00f3wnie w bran\u017cy FinTech). Naukowo zainteresowany [&hellip;]<\/p>","protected":false},"author":3,"featured_media":0,"parent":0,"menu_order":0,"comment_status":"closed","ping_status":"closed","template":"","meta":{"footnotes":""},"class_list":["post-589","page","type-page","status-publish","hentry"],"_links":{"self":[{"href":"https:\/\/bitscope.umk.pl\/en\/wp-json\/wp\/v2\/pages\/589","targetHints":{"allow":["GET"]}}],"collection":[{"href":"https:\/\/bitscope.umk.pl\/en\/wp-json\/wp\/v2\/pages"}],"about":[{"href":"https:\/\/bitscope.umk.pl\/en\/wp-json\/wp\/v2\/types\/page"}],"author":[{"embeddable":true,"href":"https:\/\/bitscope.umk.pl\/en\/wp-json\/wp\/v2\/users\/3"}],"replies":[{"embeddable":true,"href":"https:\/\/bitscope.umk.pl\/en\/wp-json\/wp\/v2\/comments?post=589"}],"version-history":[{"count":0,"href":"https:\/\/bitscope.umk.pl\/en\/wp-json\/wp\/v2\/pages\/589\/revisions"}],"wp:attachment":[{"href":"https:\/\/bitscope.umk.pl\/en\/wp-json\/wp\/v2\/media?parent=589"}],"curies":[{"name":"wp","href":"https:\/\/api.w.org\/{rel}","templated":true}]}}