{"id":533,"date":"2023-09-18T17:39:00","date_gmt":"2023-09-18T15:39:00","guid":{"rendered":"https:\/\/bitscope.umk.pl\/?page_id=533"},"modified":"2024-12-03T12:56:43","modified_gmt":"2024-12-03T11:56:43","slug":"tomasz-gross","status":"publish","type":"page","link":"https:\/\/bitscope.umk.pl\/en\/tomasz-gross\/","title":{"rendered":"Tomasz Gross"},"content":{"rendered":"<div data-elementor-type=\"wp-page\" data-elementor-id=\"533\" class=\"elementor elementor-533\" data-elementor-post-type=\"page\">\n\t\t\t\t\t\t<section class=\"elementor-section elementor-top-section elementor-element elementor-element-e8562cf elementor-section-boxed elementor-section-height-default elementor-section-height-default\" data-id=\"e8562cf\" data-element_type=\"section\" data-e-type=\"section\">\n\t\t\t\t\t\t<div class=\"elementor-container elementor-column-gap-default\">\n\t\t\t\t\t<div class=\"elementor-column elementor-col-50 elementor-top-column elementor-element elementor-element-d4a0081\" data-id=\"d4a0081\" data-element_type=\"column\" data-e-type=\"column\">\n\t\t\t<div class=\"elementor-widget-wrap elementor-element-populated\">\n\t\t\t\t\t\t<div class=\"elementor-element elementor-element-f939c74 elementor-widget elementor-widget-image\" data-id=\"f939c74\" data-element_type=\"widget\" data-e-type=\"widget\" data-widget_type=\"image.default\">\n\t\t\t\t<div class=\"elementor-widget-container\">\n\t\t\t\t\t\t\t\t\t\t\t\t\t\t\t<img fetchpriority=\"high\" decoding=\"async\" width=\"800\" height=\"855\" src=\"https:\/\/bitscope.umk.pl\/wp-content\/uploads\/2024\/09\/BITSCOPE-Rajczyk-PFP-1-958x1024.jpg\" class=\"attachment-large size-large wp-image-781\" alt=\"Tomaasz Rajczyk\" srcset=\"https:\/\/bitscope.umk.pl\/wp-content\/uploads\/2024\/09\/BITSCOPE-Rajczyk-PFP-1-958x1024.jpg 958w, https:\/\/bitscope.umk.pl\/wp-content\/uploads\/2024\/09\/BITSCOPE-Rajczyk-PFP-1-281x300.jpg 281w, https:\/\/bitscope.umk.pl\/wp-content\/uploads\/2024\/09\/BITSCOPE-Rajczyk-PFP-1-768x821.jpg 768w, https:\/\/bitscope.umk.pl\/wp-content\/uploads\/2024\/09\/BITSCOPE-Rajczyk-PFP-1-11x12.jpg 11w, https:\/\/bitscope.umk.pl\/wp-content\/uploads\/2024\/09\/BITSCOPE-Rajczyk-PFP-1.jpg 1024w\" sizes=\"(max-width: 800px) 100vw, 800px\" \/>\t\t\t\t\t\t\t\t\t\t\t\t\t\t\t<\/div>\n\t\t\t\t<\/div>\n\t\t\t\t\t<\/div>\n\t\t<\/div>\n\t\t\t\t<div class=\"elementor-column elementor-col-50 elementor-top-column elementor-element elementor-element-9dcfb0f\" data-id=\"9dcfb0f\" data-element_type=\"column\" data-e-type=\"column\">\n\t\t\t<div class=\"elementor-widget-wrap elementor-element-populated\">\n\t\t\t\t\t\t<div class=\"elementor-element elementor-element-abdcb53 elementor-widget elementor-widget-text-editor\" data-id=\"abdcb53\" data-element_type=\"widget\" data-e-type=\"widget\" data-widget_type=\"text-editor.default\">\n\t\t\t\t<div class=\"elementor-widget-container\">\n\t\t\t\t\t\t\t\t\t<p>Nazywam si\u0119 Tomasz Gross i jestem studentem kognitywistyki na Uniwersytecie Miko\u0142aja Kopernika.&nbsp;<\/p>\n<p>I am passionate about modern technologies, especially VR, Eye Tracking, artificial intelligence, and their impact on the human mind.&nbsp;<\/p>\n<p>In my free time, I enjoy reading English literature and volunteering at the \"Nadzieja\" children's hospice.<\/p>\n<p>In the project, I am responsible for assisting with VR and augmented reality technology, as well as conducting research on their impact on humans.<\/p>\t\t\t\t\t\t\t\t<\/div>\n\t\t\t\t<\/div>\n\t\t\t\t\t<\/div>\n\t\t<\/div>\n\t\t\t\t\t<\/div>\n\t\t<\/section>\n\t\t\t\t<\/div>","protected":false},"excerpt":{"rendered":"<p>Nazywam si\u0119 Tomasz Gross i jestem studentem kognitywistyki na Uniwersytecie Miko\u0142aja Kopernika.&nbsp; Moj\u0105 pasj\u0105 s\u0105 nowoczesne technologie zw\u0142aszcza VR, Eye Tracking, sztuczna inteligencja oraz ich wp\u0142yw umys\u0142 cz\u0142owieka.&nbsp; W czasie wolnym si\u0119gam po literatur\u0119 angloj\u0119zyczn\u0105 i anga\u017cuj\u0119 si\u0119 w pomoc dzieciom w hospicjum &#8222;Nadzieja&#8221;. W projekcie odpowiadam za pomoc przy technologii VR i rzeczywisto\u015bci rozszerzonej, [&hellip;]<\/p>","protected":false},"author":3,"featured_media":0,"parent":0,"menu_order":0,"comment_status":"closed","ping_status":"closed","template":"","meta":{"footnotes":""},"class_list":["post-533","page","type-page","status-publish","hentry"],"_links":{"self":[{"href":"https:\/\/bitscope.umk.pl\/en\/wp-json\/wp\/v2\/pages\/533","targetHints":{"allow":["GET"]}}],"collection":[{"href":"https:\/\/bitscope.umk.pl\/en\/wp-json\/wp\/v2\/pages"}],"about":[{"href":"https:\/\/bitscope.umk.pl\/en\/wp-json\/wp\/v2\/types\/page"}],"author":[{"embeddable":true,"href":"https:\/\/bitscope.umk.pl\/en\/wp-json\/wp\/v2\/users\/3"}],"replies":[{"embeddable":true,"href":"https:\/\/bitscope.umk.pl\/en\/wp-json\/wp\/v2\/comments?post=533"}],"version-history":[{"count":12,"href":"https:\/\/bitscope.umk.pl\/en\/wp-json\/wp\/v2\/pages\/533\/revisions"}],"predecessor-version":[{"id":869,"href":"https:\/\/bitscope.umk.pl\/en\/wp-json\/wp\/v2\/pages\/533\/revisions\/869"}],"wp:attachment":[{"href":"https:\/\/bitscope.umk.pl\/en\/wp-json\/wp\/v2\/media?parent=533"}],"curies":[{"name":"wp","href":"https:\/\/api.w.org\/{rel}","templated":true}]}}