{"id":525,"date":"2023-09-18T17:35:53","date_gmt":"2023-09-18T15:35:53","guid":{"rendered":"https:\/\/bitscope.umk.pl\/?page_id=525"},"modified":"2023-09-18T17:36:45","modified_gmt":"2023-09-18T15:36:45","slug":"patryk-psztur","status":"publish","type":"page","link":"https:\/\/bitscope.umk.pl\/en\/patryk-psztur\/","title":{"rendered":"Patryk Psztur"},"content":{"rendered":"<div data-elementor-type=\"wp-page\" data-elementor-id=\"525\" class=\"elementor elementor-525\" data-elementor-post-type=\"page\">\n\t\t\t\t\t\t<section class=\"elementor-section elementor-top-section elementor-element elementor-element-07b72ce elementor-section-boxed elementor-section-height-default elementor-section-height-default\" data-id=\"07b72ce\" data-element_type=\"section\" data-e-type=\"section\">\n\t\t\t\t\t\t<div class=\"elementor-container elementor-column-gap-default\">\n\t\t\t\t\t<div class=\"elementor-column elementor-col-50 elementor-top-column elementor-element elementor-element-e11ff99\" data-id=\"e11ff99\" data-element_type=\"column\" data-e-type=\"column\">\n\t\t\t<div class=\"elementor-widget-wrap elementor-element-populated\">\n\t\t\t\t\t\t<div class=\"elementor-element elementor-element-a4170a9 elementor-widget elementor-widget-image\" data-id=\"a4170a9\" data-element_type=\"widget\" data-e-type=\"widget\" data-widget_type=\"image.default\">\n\t\t\t\t<div class=\"elementor-widget-container\">\n\t\t\t\t\t\t\t\t\t\t\t\t\t\t\t<img fetchpriority=\"high\" decoding=\"async\" width=\"300\" height=\"300\" src=\"https:\/\/bitscope.umk.pl\/wp-content\/uploads\/2023\/09\/p_psztur-300x300.png\" class=\"attachment-medium size-medium wp-image-478\" alt=\"\" srcset=\"https:\/\/bitscope.umk.pl\/wp-content\/uploads\/2023\/09\/p_psztur-300x300.png 300w, https:\/\/bitscope.umk.pl\/wp-content\/uploads\/2023\/09\/p_psztur-150x150.png 150w, https:\/\/bitscope.umk.pl\/wp-content\/uploads\/2023\/09\/p_psztur-12x12.png 12w, https:\/\/bitscope.umk.pl\/wp-content\/uploads\/2023\/09\/p_psztur.png 400w\" sizes=\"(max-width: 300px) 100vw, 300px\" \/>\t\t\t\t\t\t\t\t\t\t\t\t\t\t\t<\/div>\n\t\t\t\t<\/div>\n\t\t\t\t\t<\/div>\n\t\t<\/div>\n\t\t\t\t<div class=\"elementor-column elementor-col-50 elementor-top-column elementor-element elementor-element-9f360ce\" data-id=\"9f360ce\" data-element_type=\"column\" data-e-type=\"column\">\n\t\t\t<div class=\"elementor-widget-wrap elementor-element-populated\">\n\t\t\t\t\t\t<div class=\"elementor-element elementor-element-2f2112b elementor-widget elementor-widget-text-editor\" data-id=\"2f2112b\" data-element_type=\"widget\" data-e-type=\"widget\" data-widget_type=\"text-editor.default\">\n\t\t\t\t<div class=\"elementor-widget-container\">\n\t\t\t\t\t\t\t\t\t<p style=\"margin-top: 0cm; background-image: initial; background-position: initial; background-size: initial; background-repeat: initial; background-attachment: initial; background-origin: initial; background-clip: initial;\"><br>\nPatryk Psztur,\nstudent architektury informacji II stopnia na Uniwersytecie Miko\u0142aja Kopernika.\nJestem pasjonatem druku 3D w r\u00f3\u017cnych technologiach, w przysz\u0142o\u015bci chcia\u0142bym\nwytwarza\u0107 wyspecjalizowane produkty, kt\u00f3re mog\u0142yby u\u0142atwi\u0107 oraz uatrakcyjni\u0107 ludzkie\n\u017cycie. <o:p><\/o:p><\/p><p style=\"margin-top: 0cm; background-image: initial; background-position: initial; background-size: initial; background-repeat: initial; background-attachment: initial; background-origin: initial; background-clip: initial;\">Posiadam do\u015bwiadczenie zawodowe w komunikacji i kontakcie z\nklientem mi\u0119dzynarodowym oraz promowaniu produkt\u00f3w na rynku zagranicznym.<o:p><\/o:p><\/p><p>\n\n\n\n<\/p><p style=\"margin-top: 0cm; background-image: initial; background-position: initial; background-size: initial; background-repeat: initial; background-attachment: initial; background-origin: initial; background-clip: initial;\">W projekcie zajmuj\u0119 si\u0119 drukiem 3D element\u00f3w do interfejsu BCI.<o:p><\/o:p><\/p>\t\t\t\t\t\t\t\t<\/div>\n\t\t\t\t<\/div>\n\t\t\t\t\t<\/div>\n\t\t<\/div>\n\t\t\t\t\t<\/div>\n\t\t<\/section>\n\t\t\t\t<\/div>","protected":false},"excerpt":{"rendered":"<p>Patryk Psztur, student architektury informacji II stopnia na Uniwersytecie Miko\u0142aja Kopernika. Jestem pasjonatem druku 3D w r\u00f3\u017cnych technologiach, w przysz\u0142o\u015bci chcia\u0142bym wytwarza\u0107 wyspecjalizowane produkty, kt\u00f3re mog\u0142yby u\u0142atwi\u0107 oraz uatrakcyjni\u0107 ludzkie \u017cycie. Posiadam do\u015bwiadczenie zawodowe w komunikacji i kontakcie z klientem mi\u0119dzynarodowym oraz promowaniu produkt\u00f3w na rynku zagranicznym. W projekcie zajmuj\u0119 si\u0119 drukiem 3D element\u00f3w do [&hellip;]<\/p>","protected":false},"author":3,"featured_media":0,"parent":0,"menu_order":0,"comment_status":"closed","ping_status":"closed","template":"","meta":{"footnotes":""},"class_list":["post-525","page","type-page","status-publish","hentry"],"_links":{"self":[{"href":"https:\/\/bitscope.umk.pl\/en\/wp-json\/wp\/v2\/pages\/525","targetHints":{"allow":["GET"]}}],"collection":[{"href":"https:\/\/bitscope.umk.pl\/en\/wp-json\/wp\/v2\/pages"}],"about":[{"href":"https:\/\/bitscope.umk.pl\/en\/wp-json\/wp\/v2\/types\/page"}],"author":[{"embeddable":true,"href":"https:\/\/bitscope.umk.pl\/en\/wp-json\/wp\/v2\/users\/3"}],"replies":[{"embeddable":true,"href":"https:\/\/bitscope.umk.pl\/en\/wp-json\/wp\/v2\/comments?post=525"}],"version-history":[{"count":0,"href":"https:\/\/bitscope.umk.pl\/en\/wp-json\/wp\/v2\/pages\/525\/revisions"}],"wp:attachment":[{"href":"https:\/\/bitscope.umk.pl\/en\/wp-json\/wp\/v2\/media?parent=525"}],"curies":[{"name":"wp","href":"https:\/\/api.w.org\/{rel}","templated":true}]}}