{"id":502,"date":"2023-09-18T17:26:10","date_gmt":"2023-09-18T15:26:10","guid":{"rendered":"https:\/\/bitscope.umk.pl\/?page_id=502"},"modified":"2023-09-18T17:28:10","modified_gmt":"2023-09-18T15:28:10","slug":"ilona-nowosad","status":"publish","type":"page","link":"https:\/\/bitscope.umk.pl\/en\/ilona-nowosad\/","title":{"rendered":"Ilona Nowosad"},"content":{"rendered":"<div data-elementor-type=\"wp-page\" data-elementor-id=\"502\" class=\"elementor elementor-502\" data-elementor-post-type=\"page\">\n\t\t\t\t\t\t<section class=\"elementor-section elementor-top-section elementor-element elementor-element-29bc43c elementor-section-boxed elementor-section-height-default elementor-section-height-default\" data-id=\"29bc43c\" data-element_type=\"section\" data-e-type=\"section\">\n\t\t\t\t\t\t<div class=\"elementor-container elementor-column-gap-default\">\n\t\t\t\t\t<div class=\"elementor-column elementor-col-50 elementor-top-column elementor-element elementor-element-e16eed0\" data-id=\"e16eed0\" data-element_type=\"column\" data-e-type=\"column\">\n\t\t\t<div class=\"elementor-widget-wrap elementor-element-populated\">\n\t\t\t\t\t\t<div class=\"elementor-element elementor-element-ad2aec4 elementor-widget elementor-widget-image\" data-id=\"ad2aec4\" data-element_type=\"widget\" data-e-type=\"widget\" data-widget_type=\"image.default\">\n\t\t\t\t<div class=\"elementor-widget-container\">\n\t\t\t\t\t\t\t\t\t\t\t\t\t\t\t<img fetchpriority=\"high\" decoding=\"async\" width=\"300\" height=\"300\" src=\"https:\/\/bitscope.umk.pl\/wp-content\/uploads\/2023\/09\/i_nowosad-300x300.png\" class=\"attachment-medium size-medium wp-image-477\" alt=\"\" srcset=\"https:\/\/bitscope.umk.pl\/wp-content\/uploads\/2023\/09\/i_nowosad-300x300.png 300w, https:\/\/bitscope.umk.pl\/wp-content\/uploads\/2023\/09\/i_nowosad-150x150.png 150w, https:\/\/bitscope.umk.pl\/wp-content\/uploads\/2023\/09\/i_nowosad-12x12.png 12w, https:\/\/bitscope.umk.pl\/wp-content\/uploads\/2023\/09\/i_nowosad.png 400w\" sizes=\"(max-width: 300px) 100vw, 300px\" \/>\t\t\t\t\t\t\t\t\t\t\t\t\t\t\t<\/div>\n\t\t\t\t<\/div>\n\t\t\t\t\t<\/div>\n\t\t<\/div>\n\t\t\t\t<div class=\"elementor-column elementor-col-50 elementor-top-column elementor-element elementor-element-348c6bc\" data-id=\"348c6bc\" data-element_type=\"column\" data-e-type=\"column\">\n\t\t\t<div class=\"elementor-widget-wrap elementor-element-populated\">\n\t\t\t\t\t\t<div class=\"elementor-element elementor-element-bf047f2 elementor-widget elementor-widget-text-editor\" data-id=\"bf047f2\" data-element_type=\"widget\" data-e-type=\"widget\" data-widget_type=\"text-editor.default\">\n\t\t\t\t<div class=\"elementor-widget-container\">\n\t\t\t\t\t\t\t\t\t<p>dr Ilona Nowosad &#8211; stopie\u0144 doktora nauk matematycznych uzyska\u0142a w Uniwersytecie Miko\u0142a Kopernika w Toruniu w 2008r. Jest absolwentk\u0105 kierunku matematyka, specjalno\u015b\u0107 informatyka, Wydzia\u0142u Matematyki i Informatyki UMK. Aktualnie wyk\u0142adowca w Akademii Kultury Spo\u0142ecznej i Medialnej w Toruniu, a tak\u017ce w Uniwersytecie Merito w Toruniu na kierunkach informatycznych i pokrewnych. W pracy naukowej zajmuje si\u0119 zagadnieniami szeroko poj\u0119tej percepcji, wizualizacji, projektowaniem zorientowanym na cz\u0142owieka (HCD), a tak\u017ce zastosowaniami nowoczesnych technologii w projektowaniu m.in. aplikacji i system\u00f3w asystuj\u0105cych. Mi\u0142o\u015bniczka przyrody, dobrego kina i muzyki. Entuzjastka podr\u00f3\u017cowania i do\u015bwiadczania historii.<\/p>\t\t\t\t\t\t\t\t<\/div>\n\t\t\t\t<\/div>\n\t\t\t\t\t<\/div>\n\t\t<\/div>\n\t\t\t\t\t<\/div>\n\t\t<\/section>\n\t\t\t\t<\/div>","protected":false},"excerpt":{"rendered":"<p>dr Ilona Nowosad &#8211; stopie\u0144 doktora nauk matematycznych uzyska\u0142a w Uniwersytecie Miko\u0142a Kopernika w Toruniu w 2008r. Jest absolwentk\u0105 kierunku matematyka, specjalno\u015b\u0107 informatyka, Wydzia\u0142u Matematyki i Informatyki UMK. Aktualnie wyk\u0142adowca w Akademii Kultury Spo\u0142ecznej i Medialnej w Toruniu, a tak\u017ce w Uniwersytecie Merito w Toruniu na kierunkach informatycznych i pokrewnych. W pracy naukowej zajmuje si\u0119 [&hellip;]<\/p>","protected":false},"author":3,"featured_media":0,"parent":0,"menu_order":0,"comment_status":"closed","ping_status":"closed","template":"","meta":{"footnotes":""},"class_list":["post-502","page","type-page","status-publish","hentry"],"_links":{"self":[{"href":"https:\/\/bitscope.umk.pl\/en\/wp-json\/wp\/v2\/pages\/502","targetHints":{"allow":["GET"]}}],"collection":[{"href":"https:\/\/bitscope.umk.pl\/en\/wp-json\/wp\/v2\/pages"}],"about":[{"href":"https:\/\/bitscope.umk.pl\/en\/wp-json\/wp\/v2\/types\/page"}],"author":[{"embeddable":true,"href":"https:\/\/bitscope.umk.pl\/en\/wp-json\/wp\/v2\/users\/3"}],"replies":[{"embeddable":true,"href":"https:\/\/bitscope.umk.pl\/en\/wp-json\/wp\/v2\/comments?post=502"}],"version-history":[{"count":0,"href":"https:\/\/bitscope.umk.pl\/en\/wp-json\/wp\/v2\/pages\/502\/revisions"}],"wp:attachment":[{"href":"https:\/\/bitscope.umk.pl\/en\/wp-json\/wp\/v2\/media?parent=502"}],"curies":[{"name":"wp","href":"https:\/\/api.w.org\/{rel}","templated":true}]}}