{"id":483,"date":"2023-09-18T16:59:05","date_gmt":"2023-09-18T14:59:05","guid":{"rendered":"https:\/\/bitscope.umk.pl\/?page_id=483"},"modified":"2023-09-19T09:49:13","modified_gmt":"2023-09-19T07:49:13","slug":"tomasz-zimnoch","status":"publish","type":"page","link":"https:\/\/bitscope.umk.pl\/en\/tomasz-zimnoch\/","title":{"rendered":"Tomasz Zimnoch"},"content":{"rendered":"<div data-elementor-type=\"wp-page\" data-elementor-id=\"483\" class=\"elementor elementor-483\" data-elementor-post-type=\"page\">\n\t\t\t\t\t\t<section class=\"elementor-section elementor-top-section elementor-element elementor-element-b50f9b5 elementor-section-boxed elementor-section-height-default elementor-section-height-default\" data-id=\"b50f9b5\" data-element_type=\"section\" data-e-type=\"section\">\n\t\t\t\t\t\t<div class=\"elementor-container elementor-column-gap-default\">\n\t\t\t\t\t<div class=\"elementor-column elementor-col-50 elementor-top-column elementor-element elementor-element-1d04ed6\" data-id=\"1d04ed6\" data-element_type=\"column\" data-e-type=\"column\">\n\t\t\t<div class=\"elementor-widget-wrap elementor-element-populated\">\n\t\t\t\t\t\t<div class=\"elementor-element elementor-element-1910d36 elementor-widget elementor-widget-image\" data-id=\"1910d36\" data-element_type=\"widget\" data-e-type=\"widget\" data-widget_type=\"image.default\">\n\t\t\t\t<div class=\"elementor-widget-container\">\n\t\t\t\t\t\t\t\t\t\t\t\t\t\t\t<img fetchpriority=\"high\" decoding=\"async\" width=\"400\" height=\"400\" src=\"https:\/\/bitscope.umk.pl\/wp-content\/uploads\/2023\/09\/t_zimnoch.png\" class=\"attachment-large size-large wp-image-476\" alt=\"\" srcset=\"https:\/\/bitscope.umk.pl\/wp-content\/uploads\/2023\/09\/t_zimnoch.png 400w, https:\/\/bitscope.umk.pl\/wp-content\/uploads\/2023\/09\/t_zimnoch-300x300.png 300w, https:\/\/bitscope.umk.pl\/wp-content\/uploads\/2023\/09\/t_zimnoch-150x150.png 150w, https:\/\/bitscope.umk.pl\/wp-content\/uploads\/2023\/09\/t_zimnoch-12x12.png 12w\" sizes=\"(max-width: 400px) 100vw, 400px\" \/>\t\t\t\t\t\t\t\t\t\t\t\t\t\t\t<\/div>\n\t\t\t\t<\/div>\n\t\t\t\t\t<\/div>\n\t\t<\/div>\n\t\t\t\t<div class=\"elementor-column elementor-col-50 elementor-top-column elementor-element elementor-element-34adf4a\" data-id=\"34adf4a\" data-element_type=\"column\" data-e-type=\"column\">\n\t\t\t<div class=\"elementor-widget-wrap elementor-element-populated\">\n\t\t\t\t\t\t<div class=\"elementor-element elementor-element-4dd0b1b elementor-widget elementor-widget-text-editor\" data-id=\"4dd0b1b\" data-element_type=\"widget\" data-e-type=\"widget\" data-widget_type=\"text-editor.default\">\n\t\t\t\t<div class=\"elementor-widget-container\">\n\t\t\t\t\t\t\t\t\t<p>Mam na Imi\u0119 Tomasz. Jestem studentem Informatyki. Od dw\u00f3ch lat zajmuj\u0119 si\u0119 technologi\u0105 BCI oraz drukiem 3D. W ramach projektu pomagam r\u00f3wnie\u017c przy VR w celu weryfikacji danych, projektowaniu i modelowaniu 3D.<\/p>\t\t\t\t\t\t\t\t<\/div>\n\t\t\t\t<\/div>\n\t\t\t\t\t<\/div>\n\t\t<\/div>\n\t\t\t\t\t<\/div>\n\t\t<\/section>\n\t\t\t\t<section class=\"elementor-section elementor-top-section elementor-element elementor-element-d7ed15e elementor-section-boxed elementor-section-height-default elementor-section-height-default\" data-id=\"d7ed15e\" data-element_type=\"section\" data-e-type=\"section\">\n\t\t\t\t\t\t<div class=\"elementor-container elementor-column-gap-default\">\n\t\t\t\t\t<div class=\"elementor-column elementor-col-100 elementor-top-column elementor-element elementor-element-ed47687\" data-id=\"ed47687\" data-element_type=\"column\" data-e-type=\"column\">\n\t\t\t<div class=\"elementor-widget-wrap\">\n\t\t\t\t\t\t\t<\/div>\n\t\t<\/div>\n\t\t\t\t\t<\/div>\n\t\t<\/section>\n\t\t\t\t<\/div>","protected":false},"excerpt":{"rendered":"<p>Mam na Imi\u0119 Tomasz. Jestem studentem Informatyki. Od dw\u00f3ch lat zajmuj\u0119 si\u0119 technologi\u0105 BCI oraz drukiem 3D. W ramach projektu pomagam r\u00f3wnie\u017c przy VR w celu weryfikacji danych, projektowaniu i modelowaniu 3D.<\/p>","protected":false},"author":3,"featured_media":0,"parent":0,"menu_order":0,"comment_status":"closed","ping_status":"closed","template":"","meta":{"footnotes":""},"class_list":["post-483","page","type-page","status-publish","hentry"],"_links":{"self":[{"href":"https:\/\/bitscope.umk.pl\/en\/wp-json\/wp\/v2\/pages\/483","targetHints":{"allow":["GET"]}}],"collection":[{"href":"https:\/\/bitscope.umk.pl\/en\/wp-json\/wp\/v2\/pages"}],"about":[{"href":"https:\/\/bitscope.umk.pl\/en\/wp-json\/wp\/v2\/types\/page"}],"author":[{"embeddable":true,"href":"https:\/\/bitscope.umk.pl\/en\/wp-json\/wp\/v2\/users\/3"}],"replies":[{"embeddable":true,"href":"https:\/\/bitscope.umk.pl\/en\/wp-json\/wp\/v2\/comments?post=483"}],"version-history":[{"count":0,"href":"https:\/\/bitscope.umk.pl\/en\/wp-json\/wp\/v2\/pages\/483\/revisions"}],"wp:attachment":[{"href":"https:\/\/bitscope.umk.pl\/en\/wp-json\/wp\/v2\/media?parent=483"}],"curies":[{"name":"wp","href":"https:\/\/api.w.org\/{rel}","templated":true}]}}