{"id":47,"date":"2023-03-14T10:36:55","date_gmt":"2023-03-14T09:36:55","guid":{"rendered":"https:\/\/bitscope.umk.pl\/?page_id=47"},"modified":"2023-03-29T18:10:32","modified_gmt":"2023-03-29T16:10:32","slug":"kontakt","status":"publish","type":"page","link":"https:\/\/bitscope.umk.pl\/en\/kontakt\/","title":{"rendered":"Contact"},"content":{"rendered":"<div data-elementor-type=\"wp-page\" data-elementor-id=\"47\" class=\"elementor elementor-47\" data-elementor-post-type=\"page\">\n\t\t\t\t\t\t<section class=\"elementor-section elementor-top-section elementor-element elementor-element-3483742 elementor-section-boxed elementor-section-height-default elementor-section-height-default\" data-id=\"3483742\" data-element_type=\"section\" data-e-type=\"section\">\n\t\t\t\t\t\t<div class=\"elementor-container elementor-column-gap-default\">\n\t\t\t\t\t<div class=\"elementor-column elementor-col-50 elementor-top-column elementor-element elementor-element-b4b89fe\" data-id=\"b4b89fe\" data-element_type=\"column\" data-e-type=\"column\">\n\t\t\t<div class=\"elementor-widget-wrap elementor-element-populated\">\n\t\t\t\t\t\t<div class=\"elementor-element elementor-element-5f10e0e elementor-widget elementor-widget-google_maps\" data-id=\"5f10e0e\" data-element_type=\"widget\" data-e-type=\"widget\" data-widget_type=\"google_maps.default\">\n\t\t\t\t<div class=\"elementor-widget-container\">\n\t\t\t\t\t\t\t<div class=\"elementor-custom-embed\">\n\t\t\t<iframe loading=\"lazy\"\n\t\t\t\t\tsrc=\"https:\/\/maps.google.com\/maps?q=Coll.%20Humanisticum%2C%20Bojarskiego%201%2C%2087-100%20Toru%C5%84&#038;t=m&#038;z=10&#038;output=embed&#038;iwloc=near\"\n\t\t\t\t\ttitle=\"Coll. Humanisticum, Bojarskiego 1, 87-100 Toru\u0144\"\n\t\t\t\t\taria-label=\"Coll. Humanisticum, Bojarskiego 1, 87-100 Toru\u0144\"\n\t\t\t><\/iframe>\n\t\t<\/div>\n\t\t\t\t\t\t<\/div>\n\t\t\t\t<\/div>\n\t\t\t\t\t<\/div>\n\t\t<\/div>\n\t\t\t\t<div class=\"elementor-column elementor-col-50 elementor-top-column elementor-element elementor-element-4e4d181\" data-id=\"4e4d181\" data-element_type=\"column\" data-e-type=\"column\">\n\t\t\t<div class=\"elementor-widget-wrap elementor-element-populated\">\n\t\t\t\t\t\t<div class=\"elementor-element elementor-element-f10d6fc elementor-widget elementor-widget-text-editor\" data-id=\"f10d6fc\" data-element_type=\"widget\" data-e-type=\"widget\" data-widget_type=\"text-editor.default\">\n\t\t\t\t<div class=\"elementor-widget-container\">\n\t\t\t\t\t\t\t\t\t<p>dr hab.\u00a0<strong>Veslava Osi\u0144ska<\/strong>, prof. UMK<br \/>profesor uniwersytetu<br \/>Katedra Bada\u0144 Przestrzeni Informacyjnej, Instytut Bada\u0144 Informacji i Komunikacji<\/p><p>pok\u00f3j: C 2.16, Coll. Humanisticum, Bojarskiego 1, 87-100 Toru\u0144<br \/>tel.:\u00a0<a href=\"tel:=+48566112392\">+48-56-611-2392<\/a><\/p><p><span data-contrast=\"auto\">Spotkania odbywaj\u0105 si\u0119 w pracowni w pi\u0105tki, w drugiej po\u0142owie miesi\u0105ca o godz. 9:00-10:30.<\/span><span data-ccp-props=\"{&quot;201341983&quot;:0,&quot;335559739&quot;:160,&quot;335559740&quot;:259}\">\u00a0<\/span><\/p><p><span data-contrast=\"auto\">Link do spotka\u0144: <\/span><a href=\"https:\/\/vc4.umk.pl\/html5client\/join?sessionToken=ghahh8ku3ejrmt15\"><span data-contrast=\"none\">https:\/\/vc4.umk.pl\/html5client\/join?sessionToken=ghahh8ku3ejrmt15<\/span><\/a><span data-ccp-props=\"{&quot;201341983&quot;:0,&quot;335559739&quot;:160,&quot;335559740&quot;:259}\">\u00a0<\/span><\/p>\t\t\t\t\t\t\t\t<\/div>\n\t\t\t\t<\/div>\n\t\t\t\t\t<\/div>\n\t\t<\/div>\n\t\t\t\t\t<\/div>\n\t\t<\/section>\n\t\t\t\t<\/div>","protected":false},"excerpt":{"rendered":"<p>dr hab.\u00a0Veslava Osi\u0144ska, prof. UMKprofesor uniwersytetuKatedra Bada\u0144 Przestrzeni Informacyjnej, Instytut Bada\u0144 Informacji i Komunikacji pok\u00f3j: C 2.16, Coll. Humanisticum, Bojarskiego 1, 87-100 Toru\u0144tel.:\u00a0+48-56-611-2392 Spotkania odbywaj\u0105 si\u0119 w pracowni w pi\u0105tki, w drugiej po\u0142owie miesi\u0105ca o godz. 9:00-10:30.\u00a0 Link do spotka\u0144: https:\/\/vc4.umk.pl\/html5client\/join?sessionToken=ghahh8ku3ejrmt15\u00a0<\/p>","protected":false},"author":1,"featured_media":0,"parent":0,"menu_order":0,"comment_status":"closed","ping_status":"closed","template":"","meta":{"footnotes":""},"class_list":["post-47","page","type-page","status-publish","hentry"],"_links":{"self":[{"href":"https:\/\/bitscope.umk.pl\/en\/wp-json\/wp\/v2\/pages\/47","targetHints":{"allow":["GET"]}}],"collection":[{"href":"https:\/\/bitscope.umk.pl\/en\/wp-json\/wp\/v2\/pages"}],"about":[{"href":"https:\/\/bitscope.umk.pl\/en\/wp-json\/wp\/v2\/types\/page"}],"author":[{"embeddable":true,"href":"https:\/\/bitscope.umk.pl\/en\/wp-json\/wp\/v2\/users\/1"}],"replies":[{"embeddable":true,"href":"https:\/\/bitscope.umk.pl\/en\/wp-json\/wp\/v2\/comments?post=47"}],"version-history":[{"count":0,"href":"https:\/\/bitscope.umk.pl\/en\/wp-json\/wp\/v2\/pages\/47\/revisions"}],"wp:attachment":[{"href":"https:\/\/bitscope.umk.pl\/en\/wp-json\/wp\/v2\/media?parent=47"}],"curies":[{"name":"wp","href":"https:\/\/api.w.org\/{rel}","templated":true}]}}