{"id":403,"date":"2023-06-26T14:29:47","date_gmt":"2023-06-26T12:29:47","guid":{"rendered":"https:\/\/bitscope.umk.pl\/?page_id=403"},"modified":"2023-06-26T14:58:46","modified_gmt":"2023-06-26T12:58:46","slug":"jakub-pawluk","status":"publish","type":"page","link":"https:\/\/bitscope.umk.pl\/en\/jakub-pawluk\/","title":{"rendered":"Jakub Pawluk"},"content":{"rendered":"<div data-elementor-type=\"wp-page\" data-elementor-id=\"403\" class=\"elementor elementor-403\" data-elementor-post-type=\"page\">\n\t\t\t\t\t\t<section class=\"elementor-section elementor-top-section elementor-element elementor-element-bf320a2 elementor-section-boxed elementor-section-height-default elementor-section-height-default\" data-id=\"bf320a2\" data-element_type=\"section\" data-e-type=\"section\">\n\t\t\t\t\t\t<div class=\"elementor-container elementor-column-gap-default\">\n\t\t\t\t\t<div class=\"elementor-column elementor-col-50 elementor-top-column elementor-element elementor-element-3767d3a\" data-id=\"3767d3a\" data-element_type=\"column\" data-e-type=\"column\">\n\t\t\t<div class=\"elementor-widget-wrap elementor-element-populated\">\n\t\t\t\t\t\t<div class=\"elementor-element elementor-element-a2f3953 elementor-widget elementor-widget-image\" data-id=\"a2f3953\" data-element_type=\"widget\" data-e-type=\"widget\" data-widget_type=\"image.default\">\n\t\t\t\t<div class=\"elementor-widget-container\">\n\t\t\t\t\t\t\t\t\t\t\t\t\t\t\t<img decoding=\"async\" src=\"https:\/\/bitscope.umk.pl\/wp-content\/uploads\/elementor\/thumbs\/Jakub_Pawluk-qcq5z6tci037rzc38v3r3972g4qgity0bqtdfw3r7s.jpg\" title=\"Jakub_Pawluk\" alt=\"Jakub_Pawluk\" loading=\"lazy\" \/>\t\t\t\t\t\t\t\t\t\t\t\t\t\t\t<\/div>\n\t\t\t\t<\/div>\n\t\t\t\t\t<\/div>\n\t\t<\/div>\n\t\t\t\t<div class=\"elementor-column elementor-col-50 elementor-top-column elementor-element elementor-element-8c8ee55\" data-id=\"8c8ee55\" data-element_type=\"column\" data-e-type=\"column\">\n\t\t\t<div class=\"elementor-widget-wrap elementor-element-populated\">\n\t\t\t\t\t\t<div class=\"elementor-element elementor-element-f942512 elementor-widget elementor-widget-text-editor\" data-id=\"f942512\" data-element_type=\"widget\" data-e-type=\"widget\" data-widget_type=\"text-editor.default\">\n\t\t\t\t<div class=\"elementor-widget-container\">\n\t\t\t\t\t\t\t\t\t<p>Mam na imi\u0119 Jakub. Jestem studentem informatyki . Od wielu lat<br \/>interesuje si\u0119 symulacja i aplikacjami stymuluj\u0105cymi . Od dw\u00f3ch lat<br \/>zajmuje si\u0119 technologi\u0105 BCI. Dotychczas uda\u0142o mi si\u0119 zmontowa\u0107 dwa<br \/>zestawy &#8222;headset&#8221; oraz dokona\u0107 prostych bada\u0144.<\/p>\t\t\t\t\t\t\t\t<\/div>\n\t\t\t\t<\/div>\n\t\t\t\t\t<\/div>\n\t\t<\/div>\n\t\t\t\t\t<\/div>\n\t\t<\/section>\n\t\t\t\t<\/div>","protected":false},"excerpt":{"rendered":"<p>Mam na imi\u0119 Jakub. Jestem studentem informatyki . Od wielu latinteresuje si\u0119 symulacja i aplikacjami stymuluj\u0105cymi . Od dw\u00f3ch latzajmuje si\u0119 technologi\u0105 BCI. Dotychczas uda\u0142o mi si\u0119 zmontowa\u0107 dwazestawy &#8222;headset&#8221; oraz dokona\u0107 prostych bada\u0144.<\/p>","protected":false},"author":3,"featured_media":0,"parent":0,"menu_order":0,"comment_status":"closed","ping_status":"closed","template":"","meta":{"footnotes":""},"class_list":["post-403","page","type-page","status-publish","hentry"],"_links":{"self":[{"href":"https:\/\/bitscope.umk.pl\/en\/wp-json\/wp\/v2\/pages\/403","targetHints":{"allow":["GET"]}}],"collection":[{"href":"https:\/\/bitscope.umk.pl\/en\/wp-json\/wp\/v2\/pages"}],"about":[{"href":"https:\/\/bitscope.umk.pl\/en\/wp-json\/wp\/v2\/types\/page"}],"author":[{"embeddable":true,"href":"https:\/\/bitscope.umk.pl\/en\/wp-json\/wp\/v2\/users\/3"}],"replies":[{"embeddable":true,"href":"https:\/\/bitscope.umk.pl\/en\/wp-json\/wp\/v2\/comments?post=403"}],"version-history":[{"count":0,"href":"https:\/\/bitscope.umk.pl\/en\/wp-json\/wp\/v2\/pages\/403\/revisions"}],"wp:attachment":[{"href":"https:\/\/bitscope.umk.pl\/en\/wp-json\/wp\/v2\/media?parent=403"}],"curies":[{"name":"wp","href":"https:\/\/api.w.org\/{rel}","templated":true}]}}