{"id":39,"date":"2023-03-14T10:35:10","date_gmt":"2023-03-14T09:35:10","guid":{"rendered":"https:\/\/bitscope.umk.pl\/?page_id=39"},"modified":"2023-06-13T11:11:25","modified_gmt":"2023-06-13T09:11:25","slug":"laboratorium","status":"publish","type":"page","link":"https:\/\/bitscope.umk.pl\/en\/laboratorium\/","title":{"rendered":"Laboratory"},"content":{"rendered":"<div data-elementor-type=\"wp-page\" data-elementor-id=\"39\" class=\"elementor elementor-39\" data-elementor-post-type=\"page\">\n\t\t\t\t\t\t<section class=\"elementor-section elementor-top-section elementor-element elementor-element-2b863c79 elementor-section-boxed elementor-section-height-default elementor-section-height-default\" data-id=\"2b863c79\" data-element_type=\"section\" data-e-type=\"section\">\n\t\t\t\t\t\t<div class=\"elementor-container elementor-column-gap-default\">\n\t\t\t\t\t<div class=\"elementor-column elementor-col-100 elementor-top-column elementor-element elementor-element-23a7f7f\" data-id=\"23a7f7f\" data-element_type=\"column\" data-e-type=\"column\">\n\t\t\t<div class=\"elementor-widget-wrap elementor-element-populated\">\n\t\t\t\t\t\t<div class=\"elementor-element elementor-element-4c5f135c elementor-widget elementor-widget-text-editor\" data-id=\"4c5f135c\" data-element_type=\"widget\" data-e-type=\"widget\" data-widget_type=\"text-editor.default\">\n\t\t\t\t<div class=\"elementor-widget-container\">\n\t\t\t\t\t\t\t\t\t<p><\/p>\n<p class=\"translation-block\"><strong>The NeuroVis laboratory <\/strong>was established at the turn of 2022 and 2023. The official opening took place at the end of March 2023 under the supervision of dr hab. Veslawa Osinska prof. NCU. The main assumption was to create a comfortable space for both researchers and subjects. Completing the appropriate equipment to conduct research on brain activity and biometric data in virtual space has led to a state where the laboratory is equipped with advanced equipment for the implementation of complex research experiments.<\/p>\n<p><\/p>\t\t\t\t\t\t\t\t<\/div>\n\t\t\t\t<\/div>\n\t\t\t\t<div class=\"elementor-element elementor-element-4060f0f elementor-widget elementor-widget-heading\" data-id=\"4060f0f\" data-element_type=\"widget\" data-e-type=\"widget\" data-widget_type=\"heading.default\">\n\t\t\t\t<div class=\"elementor-widget-container\">\n\t\t\t\t\t<h3 class=\"elementor-heading-title elementor-size-default\">Among others, in the laboratory we will find:<\/h3>\t\t\t\t<\/div>\n\t\t\t\t<\/div>\n\t\t\t\t<section class=\"elementor-section elementor-inner-section elementor-element elementor-element-8d9d853 elementor-section-boxed elementor-section-height-default elementor-section-height-default\" data-id=\"8d9d853\" data-element_type=\"section\" data-e-type=\"section\">\n\t\t\t\t\t\t<div class=\"elementor-container elementor-column-gap-default\">\n\t\t\t\t\t<div class=\"elementor-column elementor-col-100 elementor-inner-column elementor-element elementor-element-a20d540\" data-id=\"a20d540\" data-element_type=\"column\" data-e-type=\"column\">\n\t\t\t<div class=\"elementor-widget-wrap elementor-element-populated\">\n\t\t\t\t\t\t<div class=\"elementor-element elementor-element-74cc3a3 elementor-widget elementor-widget-text-editor\" data-id=\"74cc3a3\" data-element_type=\"widget\" data-e-type=\"widget\" data-widget_type=\"text-editor.default\">\n\t\t\t\t<div class=\"elementor-widget-container\">\n\t\t\t\t\t\t\t\t\t<h3>Zortrax M200<\/h3>\t\t\t\t\t\t\t\t<\/div>\n\t\t\t\t<\/div>\n\t\t\t\t\t<\/div>\n\t\t<\/div>\n\t\t\t\t\t<\/div>\n\t\t<\/section>\n\t\t\t\t<section class=\"elementor-section elementor-inner-section elementor-element elementor-element-b140634 elementor-section-boxed elementor-section-height-default elementor-section-height-default\" data-id=\"b140634\" data-element_type=\"section\" data-e-type=\"section\">\n\t\t\t\t\t\t<div class=\"elementor-container elementor-column-gap-default\">\n\t\t\t\t\t<div class=\"elementor-column elementor-col-33 elementor-inner-column elementor-element elementor-element-fab3f65\" data-id=\"fab3f65\" data-element_type=\"column\" data-e-type=\"column\">\n\t\t\t<div class=\"elementor-widget-wrap elementor-element-populated\">\n\t\t\t\t\t\t<div class=\"elementor-element elementor-element-9a2e12f elementor-widget elementor-widget-image\" data-id=\"9a2e12f\" data-element_type=\"widget\" data-e-type=\"widget\" data-widget_type=\"image.default\">\n\t\t\t\t<div class=\"elementor-widget-container\">\n\t\t\t\t\t\t\t\t\t\t\t\t\t\t\t<img fetchpriority=\"high\" decoding=\"async\" width=\"695\" height=\"1024\" src=\"https:\/\/bitscope.umk.pl\/wp-content\/uploads\/2023\/06\/Zoltrax2-695x1024.jpg\" class=\"attachment-large size-large wp-image-351\" alt=\"\" srcset=\"https:\/\/bitscope.umk.pl\/wp-content\/uploads\/2023\/06\/Zoltrax2-695x1024.jpg 695w, https:\/\/bitscope.umk.pl\/wp-content\/uploads\/2023\/06\/Zoltrax2-204x300.jpg 204w, https:\/\/bitscope.umk.pl\/wp-content\/uploads\/2023\/06\/Zoltrax2-768x1131.jpg 768w, https:\/\/bitscope.umk.pl\/wp-content\/uploads\/2023\/06\/Zoltrax2-8x12.jpg 8w, https:\/\/bitscope.umk.pl\/wp-content\/uploads\/2023\/06\/Zoltrax2.jpg 800w\" sizes=\"(max-width: 695px) 100vw, 695px\" \/>\t\t\t\t\t\t\t\t\t\t\t\t\t\t\t<\/div>\n\t\t\t\t<\/div>\n\t\t\t\t\t<\/div>\n\t\t<\/div>\n\t\t\t\t<div class=\"elementor-column elementor-col-66 elementor-inner-column elementor-element elementor-element-a1af478\" data-id=\"a1af478\" data-element_type=\"column\" data-e-type=\"column\">\n\t\t\t<div class=\"elementor-widget-wrap elementor-element-populated\">\n\t\t\t\t\t\t<div class=\"elementor-element elementor-element-1249a05 elementor-widget elementor-widget-text-editor\" data-id=\"1249a05\" data-element_type=\"widget\" data-e-type=\"widget\" data-widget_type=\"text-editor.default\">\n\t\t\t\t<div class=\"elementor-widget-container\">\n\t\t\t\t\t\t\t\t\t<p>Advanced 3D printer with wireless connectivity. Zoltrax M. Layer resolution from 90 to 390 microns. The minimum wall thickness is 450 microns. In our laboratory, it is primarily used to print elements necessary in the openBCI project\u00a0<\/p>\t\t\t\t\t\t\t\t<\/div>\n\t\t\t\t<\/div>\n\t\t\t\t\t<\/div>\n\t\t<\/div>\n\t\t\t\t\t<\/div>\n\t\t<\/section>\n\t\t\t\t<section class=\"elementor-section elementor-inner-section elementor-element elementor-element-250ec03 elementor-section-boxed elementor-section-height-default elementor-section-height-default\" data-id=\"250ec03\" data-element_type=\"section\" data-e-type=\"section\">\n\t\t\t\t\t\t<div class=\"elementor-container elementor-column-gap-default\">\n\t\t\t\t\t<div class=\"elementor-column elementor-col-100 elementor-inner-column elementor-element elementor-element-30a8b6e\" data-id=\"30a8b6e\" data-element_type=\"column\" data-e-type=\"column\">\n\t\t\t<div class=\"elementor-widget-wrap elementor-element-populated\">\n\t\t\t\t\t\t<div class=\"elementor-element elementor-element-39545a5 elementor-widget elementor-widget-text-editor\" data-id=\"39545a5\" data-element_type=\"widget\" data-e-type=\"widget\" data-widget_type=\"text-editor.default\">\n\t\t\t\t<div class=\"elementor-widget-container\">\n\t\t\t\t\t\t\t\t\t<h3>Kamizelka eqivitall<\/h3>\t\t\t\t\t\t\t\t<\/div>\n\t\t\t\t<\/div>\n\t\t\t\t\t<\/div>\n\t\t<\/div>\n\t\t\t\t\t<\/div>\n\t\t<\/section>\n\t\t\t\t<section class=\"elementor-section elementor-inner-section elementor-element elementor-element-00d386e elementor-section-boxed elementor-section-height-default elementor-section-height-default\" data-id=\"00d386e\" data-element_type=\"section\" data-e-type=\"section\">\n\t\t\t\t\t\t<div class=\"elementor-container elementor-column-gap-default\">\n\t\t\t\t\t<div class=\"elementor-column elementor-col-33 elementor-inner-column elementor-element elementor-element-3b00451\" data-id=\"3b00451\" data-element_type=\"column\" data-e-type=\"column\">\n\t\t\t<div class=\"elementor-widget-wrap elementor-element-populated\">\n\t\t\t\t\t\t<div class=\"elementor-element elementor-element-a058527 elementor-widget elementor-widget-image\" data-id=\"a058527\" data-element_type=\"widget\" data-e-type=\"widget\" data-widget_type=\"image.default\">\n\t\t\t\t<div class=\"elementor-widget-container\">\n\t\t\t\t\t\t\t\t\t\t\t\t\t\t\t<img decoding=\"async\" width=\"695\" height=\"1024\" src=\"https:\/\/bitscope.umk.pl\/wp-content\/uploads\/2023\/06\/ev1I2.png-695x1024.jpg\" class=\"attachment-large size-large wp-image-350\" alt=\"\" srcset=\"https:\/\/bitscope.umk.pl\/wp-content\/uploads\/2023\/06\/ev1I2.png-695x1024.jpg 695w, https:\/\/bitscope.umk.pl\/wp-content\/uploads\/2023\/06\/ev1I2.png-204x300.jpg 204w, https:\/\/bitscope.umk.pl\/wp-content\/uploads\/2023\/06\/ev1I2.png-768x1131.jpg 768w, https:\/\/bitscope.umk.pl\/wp-content\/uploads\/2023\/06\/ev1I2.png-8x12.jpg 8w, https:\/\/bitscope.umk.pl\/wp-content\/uploads\/2023\/06\/ev1I2.png.jpg 800w\" sizes=\"(max-width: 695px) 100vw, 695px\" \/>\t\t\t\t\t\t\t\t\t\t\t\t\t\t\t<\/div>\n\t\t\t\t<\/div>\n\t\t\t\t\t<\/div>\n\t\t<\/div>\n\t\t\t\t<div class=\"elementor-column elementor-col-66 elementor-inner-column elementor-element elementor-element-980fc9a\" data-id=\"980fc9a\" data-element_type=\"column\" data-e-type=\"column\">\n\t\t\t<div class=\"elementor-widget-wrap elementor-element-populated\">\n\t\t\t\t\t\t<div class=\"elementor-element elementor-element-90253ef elementor-widget elementor-widget-text-editor\" data-id=\"90253ef\" data-element_type=\"widget\" data-e-type=\"widget\" data-widget_type=\"text-editor.default\">\n\t\t\t\t<div class=\"elementor-widget-container\">\n\t\t\t\t\t\t\t\t\t<p>A vest with a mobile module that allows you to monitor the physiological parameters of the body. The collected measurements include heart rate, temperature, body position, body activity. In addition, the laboratory is equipped with an electrodermal measurement module (GSR)<\/p>\t\t\t\t\t\t\t\t<\/div>\n\t\t\t\t<\/div>\n\t\t\t\t\t<\/div>\n\t\t<\/div>\n\t\t\t\t\t<\/div>\n\t\t<\/section>\n\t\t\t\t<section class=\"elementor-section elementor-inner-section elementor-element elementor-element-6f2659c elementor-section-boxed elementor-section-height-default elementor-section-height-default\" data-id=\"6f2659c\" data-element_type=\"section\" data-e-type=\"section\">\n\t\t\t\t\t\t<div class=\"elementor-container elementor-column-gap-default\">\n\t\t\t\t\t<div class=\"elementor-column elementor-col-100 elementor-inner-column elementor-element elementor-element-6f292e7\" data-id=\"6f292e7\" data-element_type=\"column\" data-e-type=\"column\">\n\t\t\t<div class=\"elementor-widget-wrap elementor-element-populated\">\n\t\t\t\t\t\t<div class=\"elementor-element elementor-element-b7ecf76 elementor-widget elementor-widget-text-editor\" data-id=\"b7ecf76\" data-element_type=\"widget\" data-e-type=\"widget\" data-widget_type=\"text-editor.default\">\n\t\t\t\t<div class=\"elementor-widget-container\">\n\t\t\t\t\t\t\t\t\t<h3>HTC Vive Pro Eye<\/h3>\t\t\t\t\t\t\t\t<\/div>\n\t\t\t\t<\/div>\n\t\t\t\t\t<\/div>\n\t\t<\/div>\n\t\t\t\t\t<\/div>\n\t\t<\/section>\n\t\t\t\t<section class=\"elementor-section elementor-inner-section elementor-element elementor-element-01799c5 elementor-section-boxed elementor-section-height-default elementor-section-height-default\" data-id=\"01799c5\" data-element_type=\"section\" data-e-type=\"section\">\n\t\t\t\t\t\t<div class=\"elementor-container elementor-column-gap-default\">\n\t\t\t\t\t<div class=\"elementor-column elementor-col-33 elementor-inner-column elementor-element elementor-element-5d9bc62\" data-id=\"5d9bc62\" data-element_type=\"column\" data-e-type=\"column\">\n\t\t\t<div class=\"elementor-widget-wrap elementor-element-populated\">\n\t\t\t\t\t\t<div class=\"elementor-element elementor-element-fa938b6 elementor-widget elementor-widget-image\" data-id=\"fa938b6\" data-element_type=\"widget\" data-e-type=\"widget\" data-widget_type=\"image.default\">\n\t\t\t\t<div class=\"elementor-widget-container\">\n\t\t\t\t\t\t\t\t\t\t\t\t\t\t\t<img decoding=\"async\" width=\"695\" height=\"1024\" src=\"https:\/\/bitscope.umk.pl\/wp-content\/uploads\/2023\/06\/htc1i2-695x1024.jpg\" class=\"attachment-large size-large wp-image-352\" alt=\"\" srcset=\"https:\/\/bitscope.umk.pl\/wp-content\/uploads\/2023\/06\/htc1i2-695x1024.jpg 695w, https:\/\/bitscope.umk.pl\/wp-content\/uploads\/2023\/06\/htc1i2-204x300.jpg 204w, https:\/\/bitscope.umk.pl\/wp-content\/uploads\/2023\/06\/htc1i2-768x1131.jpg 768w, https:\/\/bitscope.umk.pl\/wp-content\/uploads\/2023\/06\/htc1i2-8x12.jpg 8w, https:\/\/bitscope.umk.pl\/wp-content\/uploads\/2023\/06\/htc1i2.jpg 800w\" sizes=\"(max-width: 695px) 100vw, 695px\" \/>\t\t\t\t\t\t\t\t\t\t\t\t\t\t\t<\/div>\n\t\t\t\t<\/div>\n\t\t\t\t\t<\/div>\n\t\t<\/div>\n\t\t\t\t<div class=\"elementor-column elementor-col-66 elementor-inner-column elementor-element elementor-element-e4f67a0\" data-id=\"e4f67a0\" data-element_type=\"column\" data-e-type=\"column\">\n\t\t\t<div class=\"elementor-widget-wrap elementor-element-populated\">\n\t\t\t\t\t\t<div class=\"elementor-element elementor-element-52615e1 elementor-widget elementor-widget-text-editor\" data-id=\"52615e1\" data-element_type=\"widget\" data-e-type=\"widget\" data-widget_type=\"text-editor.default\">\n\t\t\t\t<div class=\"elementor-widget-container\">\n\t\t\t\t\t\t\t\t\t<p>Virtual reality goggles with a resolution of 2880 x 1600 (1440 x 1600\/each eye). The headset additionally allows you to track eye movements and, together with the available manipulators, is one of the most modern market solutions<\/p>\t\t\t\t\t\t\t\t<\/div>\n\t\t\t\t<\/div>\n\t\t\t\t\t<\/div>\n\t\t<\/div>\n\t\t\t\t\t<\/div>\n\t\t<\/section>\n\t\t\t\t<section class=\"elementor-section elementor-inner-section elementor-element elementor-element-c1e0701 elementor-section-boxed elementor-section-height-default elementor-section-height-default\" data-id=\"c1e0701\" data-element_type=\"section\" data-e-type=\"section\">\n\t\t\t\t\t\t<div class=\"elementor-container elementor-column-gap-default\">\n\t\t\t\t\t<div class=\"elementor-column elementor-col-100 elementor-inner-column elementor-element elementor-element-e1f216a\" data-id=\"e1f216a\" data-element_type=\"column\" data-e-type=\"column\">\n\t\t\t<div class=\"elementor-widget-wrap elementor-element-populated\">\n\t\t\t\t\t\t<div class=\"elementor-element elementor-element-9482e16 elementor-widget elementor-widget-text-editor\" data-id=\"9482e16\" data-element_type=\"widget\" data-e-type=\"widget\" data-widget_type=\"text-editor.default\">\n\t\t\t\t<div class=\"elementor-widget-container\">\n\t\t\t\t\t\t\t\t\t<h3>Muse 2<\/h3>\t\t\t\t\t\t\t\t<\/div>\n\t\t\t\t<\/div>\n\t\t\t\t\t<\/div>\n\t\t<\/div>\n\t\t\t\t\t<\/div>\n\t\t<\/section>\n\t\t\t\t<section class=\"elementor-section elementor-inner-section elementor-element elementor-element-0854470 elementor-section-boxed elementor-section-height-default elementor-section-height-default\" data-id=\"0854470\" data-element_type=\"section\" data-e-type=\"section\">\n\t\t\t\t\t\t<div class=\"elementor-container elementor-column-gap-default\">\n\t\t\t\t\t<div class=\"elementor-column elementor-col-33 elementor-inner-column elementor-element elementor-element-bbfdd8b\" data-id=\"bbfdd8b\" data-element_type=\"column\" data-e-type=\"column\">\n\t\t\t<div class=\"elementor-widget-wrap elementor-element-populated\">\n\t\t\t\t\t\t<div class=\"elementor-element elementor-element-5832ba1 elementor-widget elementor-widget-image\" data-id=\"5832ba1\" data-element_type=\"widget\" data-e-type=\"widget\" data-widget_type=\"image.default\">\n\t\t\t\t<div class=\"elementor-widget-container\">\n\t\t\t\t\t\t\t\t\t\t\t\t\t\t\t<img loading=\"lazy\" decoding=\"async\" width=\"695\" height=\"1024\" src=\"https:\/\/bitscope.umk.pl\/wp-content\/uploads\/2023\/06\/muse1i2-695x1024.jpg\" class=\"attachment-large size-large wp-image-353\" alt=\"\" srcset=\"https:\/\/bitscope.umk.pl\/wp-content\/uploads\/2023\/06\/muse1i2-695x1024.jpg 695w, https:\/\/bitscope.umk.pl\/wp-content\/uploads\/2023\/06\/muse1i2-204x300.jpg 204w, https:\/\/bitscope.umk.pl\/wp-content\/uploads\/2023\/06\/muse1i2-768x1131.jpg 768w, https:\/\/bitscope.umk.pl\/wp-content\/uploads\/2023\/06\/muse1i2-8x12.jpg 8w, https:\/\/bitscope.umk.pl\/wp-content\/uploads\/2023\/06\/muse1i2.jpg 800w\" sizes=\"(max-width: 695px) 100vw, 695px\" \/>\t\t\t\t\t\t\t\t\t\t\t\t\t\t\t<\/div>\n\t\t\t\t<\/div>\n\t\t\t\t\t<\/div>\n\t\t<\/div>\n\t\t\t\t<div class=\"elementor-column elementor-col-66 elementor-inner-column elementor-element elementor-element-6f7848c\" data-id=\"6f7848c\" data-element_type=\"column\" data-e-type=\"column\">\n\t\t\t<div class=\"elementor-widget-wrap elementor-element-populated\">\n\t\t\t\t\t\t<div class=\"elementor-element elementor-element-fad1ae4 elementor-widget elementor-widget-text-editor\" data-id=\"fad1ae4\" data-element_type=\"widget\" data-e-type=\"widget\" data-widget_type=\"text-editor.default\">\n\t\t\t\t<div class=\"elementor-widget-container\">\n\t\t\t\t\t\t\t\t\t<p>The laboratory is equipped with an EEG band that allows the measurement of brain wave activity.<\/p>\t\t\t\t\t\t\t\t<\/div>\n\t\t\t\t<\/div>\n\t\t\t\t\t<\/div>\n\t\t<\/div>\n\t\t\t\t\t<\/div>\n\t\t<\/section>\n\t\t\t\t<section class=\"elementor-section elementor-inner-section elementor-element elementor-element-d5451a7 elementor-section-boxed elementor-section-height-default elementor-section-height-default\" data-id=\"d5451a7\" data-element_type=\"section\" data-e-type=\"section\">\n\t\t\t\t\t\t<div class=\"elementor-container elementor-column-gap-default\">\n\t\t\t\t\t<div class=\"elementor-column elementor-col-100 elementor-inner-column elementor-element elementor-element-641a296\" data-id=\"641a296\" data-element_type=\"column\" data-e-type=\"column\">\n\t\t\t<div class=\"elementor-widget-wrap elementor-element-populated\">\n\t\t\t\t\t\t<div class=\"elementor-element elementor-element-49eec5f elementor-widget elementor-widget-text-editor\" data-id=\"49eec5f\" data-element_type=\"widget\" data-e-type=\"widget\" data-widget_type=\"text-editor.default\">\n\t\t\t\t<div class=\"elementor-widget-container\">\n\t\t\t\t\t\t\t\t\t<h3>Eye trackery GAZE POINT<\/h3>\t\t\t\t\t\t\t\t<\/div>\n\t\t\t\t<\/div>\n\t\t\t\t\t<\/div>\n\t\t<\/div>\n\t\t\t\t\t<\/div>\n\t\t<\/section>\n\t\t\t\t<section class=\"elementor-section elementor-inner-section elementor-element elementor-element-1ebc1a6 elementor-section-boxed elementor-section-height-default elementor-section-height-default\" data-id=\"1ebc1a6\" data-element_type=\"section\" data-e-type=\"section\">\n\t\t\t\t\t\t<div class=\"elementor-container elementor-column-gap-default\">\n\t\t\t\t\t<div class=\"elementor-column elementor-col-33 elementor-inner-column elementor-element elementor-element-11fab1e\" data-id=\"11fab1e\" data-element_type=\"column\" data-e-type=\"column\">\n\t\t\t<div class=\"elementor-widget-wrap elementor-element-populated\">\n\t\t\t\t\t\t<div class=\"elementor-element elementor-element-2ba76d5 elementor-widget elementor-widget-image\" data-id=\"2ba76d5\" data-element_type=\"widget\" data-e-type=\"widget\" data-widget_type=\"image.default\">\n\t\t\t\t<div class=\"elementor-widget-container\">\n\t\t\t\t\t\t\t\t\t\t\t\t\t\t\t<img loading=\"lazy\" decoding=\"async\" width=\"695\" height=\"1024\" src=\"https:\/\/bitscope.umk.pl\/wp-content\/uploads\/2023\/06\/Eye1i2-695x1024.png\" class=\"attachment-large size-large wp-image-354\" alt=\"\" srcset=\"https:\/\/bitscope.umk.pl\/wp-content\/uploads\/2023\/06\/Eye1i2-695x1024.png 695w, https:\/\/bitscope.umk.pl\/wp-content\/uploads\/2023\/06\/Eye1i2-204x300.png 204w, https:\/\/bitscope.umk.pl\/wp-content\/uploads\/2023\/06\/Eye1i2-768x1131.png 768w, https:\/\/bitscope.umk.pl\/wp-content\/uploads\/2023\/06\/Eye1i2-8x12.png 8w, https:\/\/bitscope.umk.pl\/wp-content\/uploads\/2023\/06\/Eye1i2.png 800w\" sizes=\"(max-width: 695px) 100vw, 695px\" \/>\t\t\t\t\t\t\t\t\t\t\t\t\t\t\t<\/div>\n\t\t\t\t<\/div>\n\t\t\t\t\t<\/div>\n\t\t<\/div>\n\t\t\t\t<div class=\"elementor-column elementor-col-66 elementor-inner-column elementor-element elementor-element-0d5dcad\" data-id=\"0d5dcad\" data-element_type=\"column\" data-e-type=\"column\">\n\t\t\t<div class=\"elementor-widget-wrap elementor-element-populated\">\n\t\t\t\t\t\t<div class=\"elementor-element elementor-element-d406ef5 elementor-widget elementor-widget-text-editor\" data-id=\"d406ef5\" data-element_type=\"widget\" data-e-type=\"widget\" data-widget_type=\"text-editor.default\">\n\t\t\t\t<div class=\"elementor-widget-container\">\n\t\t\t\t\t\t\t\t\t<p>Eye trackery GAZE POINT\teyetracker1.jpg\neyetracker2.jpg\tTwo Gaze Piont eye trackers with 5 or 9-step calibration and dedicated software are available to laboratory users.<\/p>\t\t\t\t\t\t\t\t<\/div>\n\t\t\t\t<\/div>\n\t\t\t\t\t<\/div>\n\t\t<\/div>\n\t\t\t\t\t<\/div>\n\t\t<\/section>\n\t\t\t\t<section class=\"elementor-section elementor-inner-section elementor-element elementor-element-64da438 elementor-section-boxed elementor-section-height-default elementor-section-height-default\" data-id=\"64da438\" data-element_type=\"section\" data-e-type=\"section\">\n\t\t\t\t\t\t<div class=\"elementor-container elementor-column-gap-default\">\n\t\t\t\t\t<div class=\"elementor-column elementor-col-100 elementor-inner-column elementor-element elementor-element-6e7aea5\" data-id=\"6e7aea5\" data-element_type=\"column\" data-e-type=\"column\">\n\t\t\t<div class=\"elementor-widget-wrap elementor-element-populated\">\n\t\t\t\t\t\t<div class=\"elementor-element elementor-element-038bf81 elementor-widget elementor-widget-text-editor\" data-id=\"038bf81\" data-element_type=\"widget\" data-e-type=\"widget\" data-widget_type=\"text-editor.default\">\n\t\t\t\t<div class=\"elementor-widget-container\">\n\t\t\t\t\t\t\t\t\t<h3>Sprz\u0119t komputerowy<\/h3>\t\t\t\t\t\t\t\t<\/div>\n\t\t\t\t<\/div>\n\t\t\t\t\t<\/div>\n\t\t<\/div>\n\t\t\t\t\t<\/div>\n\t\t<\/section>\n\t\t\t\t<section class=\"elementor-section elementor-inner-section elementor-element elementor-element-78aa3f4 elementor-section-boxed elementor-section-height-default elementor-section-height-default\" data-id=\"78aa3f4\" data-element_type=\"section\" data-e-type=\"section\">\n\t\t\t\t\t\t<div class=\"elementor-container elementor-column-gap-default\">\n\t\t\t\t\t<div class=\"elementor-column elementor-col-33 elementor-inner-column elementor-element elementor-element-65de797\" data-id=\"65de797\" data-element_type=\"column\" data-e-type=\"column\">\n\t\t\t<div class=\"elementor-widget-wrap elementor-element-populated\">\n\t\t\t\t\t\t<div class=\"elementor-element elementor-element-f20a471 elementor-widget elementor-widget-image\" data-id=\"f20a471\" data-element_type=\"widget\" data-e-type=\"widget\" data-widget_type=\"image.default\">\n\t\t\t\t<div class=\"elementor-widget-container\">\n\t\t\t\t\t\t\t\t\t\t\t\t\t\t\t<img loading=\"lazy\" decoding=\"async\" width=\"695\" height=\"1024\" src=\"https:\/\/bitscope.umk.pl\/wp-content\/uploads\/2023\/06\/KOmp1i2-695x1024.jpg\" class=\"attachment-large size-large wp-image-355\" alt=\"\" srcset=\"https:\/\/bitscope.umk.pl\/wp-content\/uploads\/2023\/06\/KOmp1i2-695x1024.jpg 695w, https:\/\/bitscope.umk.pl\/wp-content\/uploads\/2023\/06\/KOmp1i2-204x300.jpg 204w, https:\/\/bitscope.umk.pl\/wp-content\/uploads\/2023\/06\/KOmp1i2-768x1131.jpg 768w, https:\/\/bitscope.umk.pl\/wp-content\/uploads\/2023\/06\/KOmp1i2-8x12.jpg 8w, https:\/\/bitscope.umk.pl\/wp-content\/uploads\/2023\/06\/KOmp1i2.jpg 800w\" sizes=\"(max-width: 695px) 100vw, 695px\" \/>\t\t\t\t\t\t\t\t\t\t\t\t\t\t\t<\/div>\n\t\t\t\t<\/div>\n\t\t\t\t\t<\/div>\n\t\t<\/div>\n\t\t\t\t<div class=\"elementor-column elementor-col-66 elementor-inner-column elementor-element elementor-element-9d2cae0\" data-id=\"9d2cae0\" data-element_type=\"column\" data-e-type=\"column\">\n\t\t\t<div class=\"elementor-widget-wrap elementor-element-populated\">\n\t\t\t\t\t\t<div class=\"elementor-element elementor-element-4db1465 elementor-widget elementor-widget-text-editor\" data-id=\"4db1465\" data-element_type=\"widget\" data-e-type=\"widget\" data-widget_type=\"text-editor.default\">\n\t\t\t\t<div class=\"elementor-widget-container\">\n\t\t\t\t\t\t\t\t\t<p>The laboratory is equipped with high-class computer equipment, a laptop and a stationary unit with high computing power. The equipment is prepared to conduct comfortable user research in terms of eye tracking, F.A.C.S and BCI emotion coding systems.<\/p>\t\t\t\t\t\t\t\t<\/div>\n\t\t\t\t<\/div>\n\t\t\t\t\t<\/div>\n\t\t<\/div>\n\t\t\t\t\t<\/div>\n\t\t<\/section>\n\t\t\t\t\t<\/div>\n\t\t<\/div>\n\t\t\t\t\t<\/div>\n\t\t<\/section>\n\t\t\t\t<\/div>","protected":false},"excerpt":{"rendered":"<p>Labolatorium NeuroVis powsta\u0142o na prze\u0142omie 2022 i 2023 roku. Oficjalne otwarcie mia\u0142o miejsce pod koniec marca 2023 roku pod kierownictwem dr hab. Veslawy Osinskiej prof. UMK. G\u0142\u00f3wnym za\u0142o\u017ceniem by\u0142o stworzenie komfortowej przestrzeni zar\u00f3wno dla badaczy jak i badanych. Kompletowanie odpowiedniego sprz\u0119tu do prowadzenia bada\u0144 nad aktywno\u015bci\u0105 m\u00f3zgu oraz danych biomterycznych w przestrzeni wirtualnej doprowadzi\u0142o do [&hellip;]<\/p>","protected":false},"author":1,"featured_media":0,"parent":0,"menu_order":0,"comment_status":"closed","ping_status":"closed","template":"","meta":{"footnotes":""},"class_list":["post-39","page","type-page","status-publish","hentry"],"_links":{"self":[{"href":"https:\/\/bitscope.umk.pl\/en\/wp-json\/wp\/v2\/pages\/39","targetHints":{"allow":["GET"]}}],"collection":[{"href":"https:\/\/bitscope.umk.pl\/en\/wp-json\/wp\/v2\/pages"}],"about":[{"href":"https:\/\/bitscope.umk.pl\/en\/wp-json\/wp\/v2\/types\/page"}],"author":[{"embeddable":true,"href":"https:\/\/bitscope.umk.pl\/en\/wp-json\/wp\/v2\/users\/1"}],"replies":[{"embeddable":true,"href":"https:\/\/bitscope.umk.pl\/en\/wp-json\/wp\/v2\/comments?post=39"}],"version-history":[{"count":0,"href":"https:\/\/bitscope.umk.pl\/en\/wp-json\/wp\/v2\/pages\/39\/revisions"}],"wp:attachment":[{"href":"https:\/\/bitscope.umk.pl\/en\/wp-json\/wp\/v2\/media?parent=39"}],"curies":[{"name":"wp","href":"https:\/\/api.w.org\/{rel}","templated":true}]}}