{"id":379,"date":"2023-06-14T08:09:50","date_gmt":"2023-06-14T06:09:50","guid":{"rendered":"https:\/\/bitscope.umk.pl\/?page_id=379"},"modified":"2023-06-14T08:10:30","modified_gmt":"2023-06-14T06:10:30","slug":"agnieszka-osinska","status":"publish","type":"page","link":"https:\/\/bitscope.umk.pl\/en\/agnieszka-osinska\/","title":{"rendered":"Agnieszka Osi\u0144ska"},"content":{"rendered":"<div data-elementor-type=\"wp-page\" data-elementor-id=\"379\" class=\"elementor elementor-379\" data-elementor-post-type=\"page\">\n\t\t\t\t\t\t<section class=\"elementor-section elementor-top-section elementor-element elementor-element-fbfde37 elementor-section-boxed elementor-section-height-default elementor-section-height-default\" data-id=\"fbfde37\" data-element_type=\"section\" data-e-type=\"section\">\n\t\t\t\t\t\t<div class=\"elementor-container elementor-column-gap-default\">\n\t\t\t\t\t<div class=\"elementor-column elementor-col-33 elementor-top-column elementor-element elementor-element-5a320b2\" data-id=\"5a320b2\" data-element_type=\"column\" data-e-type=\"column\">\n\t\t\t<div class=\"elementor-widget-wrap elementor-element-populated\">\n\t\t\t\t\t\t<div class=\"elementor-element elementor-element-c09c7e0 elementor-widget elementor-widget-image\" data-id=\"c09c7e0\" data-element_type=\"widget\" data-e-type=\"widget\" data-widget_type=\"image.default\">\n\t\t\t\t<div class=\"elementor-widget-container\">\n\t\t\t\t\t\t\t\t\t\t\t\t\t\t\t<img fetchpriority=\"high\" decoding=\"async\" width=\"500\" height=\"500\" src=\"https:\/\/bitscope.umk.pl\/wp-content\/uploads\/2023\/06\/Agnieszka_Osinska.png\" class=\"attachment-large size-large wp-image-381\" alt=\"\" srcset=\"https:\/\/bitscope.umk.pl\/wp-content\/uploads\/2023\/06\/Agnieszka_Osinska.png 500w, https:\/\/bitscope.umk.pl\/wp-content\/uploads\/2023\/06\/Agnieszka_Osinska-300x300.png 300w, https:\/\/bitscope.umk.pl\/wp-content\/uploads\/2023\/06\/Agnieszka_Osinska-150x150.png 150w, https:\/\/bitscope.umk.pl\/wp-content\/uploads\/2023\/06\/Agnieszka_Osinska-12x12.png 12w\" sizes=\"(max-width: 500px) 100vw, 500px\" \/>\t\t\t\t\t\t\t\t\t\t\t\t\t\t\t<\/div>\n\t\t\t\t<\/div>\n\t\t\t\t\t<\/div>\n\t\t<\/div>\n\t\t\t\t<div class=\"elementor-column elementor-col-66 elementor-top-column elementor-element elementor-element-8e06fc5\" data-id=\"8e06fc5\" data-element_type=\"column\" data-e-type=\"column\">\n\t\t\t<div class=\"elementor-widget-wrap elementor-element-populated\">\n\t\t\t\t\t\t<div class=\"elementor-element elementor-element-ba3cdd2 elementor-widget elementor-widget-text-editor\" data-id=\"ba3cdd2\" data-element_type=\"widget\" data-e-type=\"widget\" data-widget_type=\"text-editor.default\">\n\t\t\t\t<div class=\"elementor-widget-container\">\n\t\t\t\t\t\t\t\t\t<p class=\"translation-block\"><strong>Agnieszka Osi\u0144ska, Eng.<\/strong>, student of the Gda\u0144sk University of Technology \u2013 After studying space engineering, she is currently studying Mechatronics on the second degree. Interested in unusual mechanisms and technologies, space exploration and research. Familiar with designing models using CAD programs and 3D printing. In the project, she deals with establishing a connection and reading data from the MUSE HEADBAND device, as well as designing and testing a hybrid BCI device. She represents the team at international conferences.<\/p>\t\t\t\t\t\t\t\t<\/div>\n\t\t\t\t<\/div>\n\t\t\t\t\t<\/div>\n\t\t<\/div>\n\t\t\t\t\t<\/div>\n\t\t<\/section>\n\t\t\t\t<\/div>","protected":false},"excerpt":{"rendered":"<p>In\u017c. Agnieszka Osi\u0144ska, student Politechniki Gda\u0144skiej \u2013 Po studiach in\u017cynierii kosmicznej obecnie studiuje Mechatronik\u0119 na drugim stopniu. Zainteresowana nietypowymi mechanizmami i technologiami, eksploracj\u0105 i badaniem kosmosu. Obeznana w projektowaniu modeli za pomoc\u0105 program\u00f3w CAD oraz druku 3D. W projekcie zajmuje si\u0119 nawi\u0105zaniem po\u0142\u0105czenia i odczytem danych z urz\u0105dzenia MUSE HEADBAND oraz projektowaniem i testowaniem hybrydowego [&hellip;]<\/p>","protected":false},"author":1,"featured_media":0,"parent":0,"menu_order":0,"comment_status":"closed","ping_status":"closed","template":"","meta":{"footnotes":""},"class_list":["post-379","page","type-page","status-publish","hentry"],"_links":{"self":[{"href":"https:\/\/bitscope.umk.pl\/en\/wp-json\/wp\/v2\/pages\/379","targetHints":{"allow":["GET"]}}],"collection":[{"href":"https:\/\/bitscope.umk.pl\/en\/wp-json\/wp\/v2\/pages"}],"about":[{"href":"https:\/\/bitscope.umk.pl\/en\/wp-json\/wp\/v2\/types\/page"}],"author":[{"embeddable":true,"href":"https:\/\/bitscope.umk.pl\/en\/wp-json\/wp\/v2\/users\/1"}],"replies":[{"embeddable":true,"href":"https:\/\/bitscope.umk.pl\/en\/wp-json\/wp\/v2\/comments?post=379"}],"version-history":[{"count":0,"href":"https:\/\/bitscope.umk.pl\/en\/wp-json\/wp\/v2\/pages\/379\/revisions"}],"wp:attachment":[{"href":"https:\/\/bitscope.umk.pl\/en\/wp-json\/wp\/v2\/media?parent=379"}],"curies":[{"name":"wp","href":"https:\/\/api.w.org\/{rel}","templated":true}]}}