{"id":373,"date":"2023-06-14T08:07:32","date_gmt":"2023-06-14T06:07:32","guid":{"rendered":"https:\/\/bitscope.umk.pl\/?page_id=373"},"modified":"2023-06-14T08:08:17","modified_gmt":"2023-06-14T06:08:17","slug":"adela-jankowska","status":"publish","type":"page","link":"https:\/\/bitscope.umk.pl\/en\/adela-jankowska\/","title":{"rendered":"Adela Jankowska"},"content":{"rendered":"<div data-elementor-type=\"wp-page\" data-elementor-id=\"373\" class=\"elementor elementor-373\" data-elementor-post-type=\"page\">\n\t\t\t\t\t\t<section class=\"elementor-section elementor-top-section elementor-element elementor-element-3929209 elementor-section-boxed elementor-section-height-default elementor-section-height-default\" data-id=\"3929209\" data-element_type=\"section\" data-e-type=\"section\">\n\t\t\t\t\t\t<div class=\"elementor-container elementor-column-gap-default\">\n\t\t\t\t\t<div class=\"elementor-column elementor-col-33 elementor-top-column elementor-element elementor-element-5abe922\" data-id=\"5abe922\" data-element_type=\"column\" data-e-type=\"column\">\n\t\t\t<div class=\"elementor-widget-wrap elementor-element-populated\">\n\t\t\t\t\t\t<div class=\"elementor-element elementor-element-206ea7d elementor-widget elementor-widget-image\" data-id=\"206ea7d\" data-element_type=\"widget\" data-e-type=\"widget\" data-widget_type=\"image.default\">\n\t\t\t\t<div class=\"elementor-widget-container\">\n\t\t\t\t\t\t\t\t\t\t\t\t\t\t\t<img fetchpriority=\"high\" decoding=\"async\" width=\"500\" height=\"500\" src=\"https:\/\/bitscope.umk.pl\/wp-content\/uploads\/2023\/06\/Adela_jankowska.png\" class=\"attachment-large size-large wp-image-375\" alt=\"\" srcset=\"https:\/\/bitscope.umk.pl\/wp-content\/uploads\/2023\/06\/Adela_jankowska.png 500w, https:\/\/bitscope.umk.pl\/wp-content\/uploads\/2023\/06\/Adela_jankowska-300x300.png 300w, https:\/\/bitscope.umk.pl\/wp-content\/uploads\/2023\/06\/Adela_jankowska-150x150.png 150w, https:\/\/bitscope.umk.pl\/wp-content\/uploads\/2023\/06\/Adela_jankowska-12x12.png 12w\" sizes=\"(max-width: 500px) 100vw, 500px\" \/>\t\t\t\t\t\t\t\t\t\t\t\t\t\t\t<\/div>\n\t\t\t\t<\/div>\n\t\t\t\t\t<\/div>\n\t\t<\/div>\n\t\t\t\t<div class=\"elementor-column elementor-col-66 elementor-top-column elementor-element elementor-element-2c0d995\" data-id=\"2c0d995\" data-element_type=\"column\" data-e-type=\"column\">\n\t\t\t<div class=\"elementor-widget-wrap elementor-element-populated\">\n\t\t\t\t\t\t<div class=\"elementor-element elementor-element-ac5c944 elementor-widget elementor-widget-text-editor\" data-id=\"ac5c944\" data-element_type=\"widget\" data-e-type=\"widget\" data-widget_type=\"text-editor.default\">\n\t\t\t\t<div class=\"elementor-widget-container\">\n\t\t\t\t\t\t\t\t\t<p>I am an organized and punctual person with a passion for drawing, painting, hiking, and cooking. I was born in Toru\u0144, where I am currently studying at two different universities. I have obtained a Bachelor's degree from the Higher School of Social and Media Culture in Toru\u0144, and I am currently pursuing a Master's degree in two fields. At the Nicolaus Copernicus University, I am studying Information Architecture, while at the WSB University, I am studying Business Informatics.<\/p><p>I also have professional experience. I am currently working as a Junior Trade Analyst, specializing in data analysis. My analytical skills and attention to detail are valuable in this role.<\/p><p>I am an ambitious individual who constantly seeks to expand my knowledge and skills, both in my studies and in my career. My determination, dedication, and diverse interests form the foundation for my personal and professional growth.<\/p>\t\t\t\t\t\t\t\t<\/div>\n\t\t\t\t<\/div>\n\t\t\t\t\t<\/div>\n\t\t<\/div>\n\t\t\t\t\t<\/div>\n\t\t<\/section>\n\t\t\t\t<\/div>","protected":false},"excerpt":{"rendered":"<p>Jestem zorganizowan\u0105 i punktualn\u0105 osob\u0105, maj\u0105c\u0105 pasj\u0119 do rysowania, malowania, chodzenia po g\u00f3rach i gotowania. Urodzi\u0142am si\u0119 w Toruniu, gdzie obecnie studiuje na dw\u00f3ch r\u00f3\u017cnych uczelniach. Uzyska\u0142am Tytu\u0142 licencjata na Wy\u017cszej Szkole Kultury spo\u0142ecznej i Medialnej w Toruniu, a obecnie kontynuuje studia magisterskie na dw\u00f3ch kierunkach. Na Uniwersytecie Miko\u0142aja Kopernika studiuj\u0119 Architektur\u0119 Informacji, a na [&hellip;]<\/p>","protected":false},"author":1,"featured_media":0,"parent":0,"menu_order":0,"comment_status":"closed","ping_status":"closed","template":"","meta":{"footnotes":""},"class_list":["post-373","page","type-page","status-publish","hentry"],"_links":{"self":[{"href":"https:\/\/bitscope.umk.pl\/en\/wp-json\/wp\/v2\/pages\/373","targetHints":{"allow":["GET"]}}],"collection":[{"href":"https:\/\/bitscope.umk.pl\/en\/wp-json\/wp\/v2\/pages"}],"about":[{"href":"https:\/\/bitscope.umk.pl\/en\/wp-json\/wp\/v2\/types\/page"}],"author":[{"embeddable":true,"href":"https:\/\/bitscope.umk.pl\/en\/wp-json\/wp\/v2\/users\/1"}],"replies":[{"embeddable":true,"href":"https:\/\/bitscope.umk.pl\/en\/wp-json\/wp\/v2\/comments?post=373"}],"version-history":[{"count":0,"href":"https:\/\/bitscope.umk.pl\/en\/wp-json\/wp\/v2\/pages\/373\/revisions"}],"wp:attachment":[{"href":"https:\/\/bitscope.umk.pl\/en\/wp-json\/wp\/v2\/media?parent=373"}],"curies":[{"name":"wp","href":"https:\/\/api.w.org\/{rel}","templated":true}]}}