{"id":361,"date":"2023-06-13T11:25:08","date_gmt":"2023-06-13T09:25:08","guid":{"rendered":"https:\/\/bitscope.umk.pl\/?page_id=361"},"modified":"2023-06-13T11:31:24","modified_gmt":"2023-06-13T09:31:24","slug":"instytucje-kultury","status":"publish","type":"page","link":"https:\/\/bitscope.umk.pl\/en\/instytucje-kultury\/","title":{"rendered":"Cultural institutions"},"content":{"rendered":"<div data-elementor-type=\"wp-page\" data-elementor-id=\"361\" class=\"elementor elementor-361\" data-elementor-post-type=\"page\">\n\t\t\t\t\t\t<section class=\"elementor-section elementor-top-section elementor-element elementor-element-501ea14 elementor-section-boxed elementor-section-height-default elementor-section-height-default\" data-id=\"501ea14\" data-element_type=\"section\" data-e-type=\"section\">\n\t\t\t\t\t\t<div class=\"elementor-container elementor-column-gap-default\">\n\t\t\t\t\t<div class=\"elementor-column elementor-col-100 elementor-top-column elementor-element elementor-element-efbff47\" data-id=\"efbff47\" data-element_type=\"column\" data-e-type=\"column\">\n\t\t\t<div class=\"elementor-widget-wrap elementor-element-populated\">\n\t\t\t\t\t\t<div class=\"elementor-element elementor-element-77486c6 elementor-widget elementor-widget-text-editor\" data-id=\"77486c6\" data-element_type=\"widget\" data-e-type=\"widget\" data-widget_type=\"text-editor.default\">\n\t\t\t\t<div class=\"elementor-widget-container\">\n\t\t\t\t\t\t\t\t\t<p>Zesp\u00f3\u0142 badawczy nawi\u0105za\u0142 wsp\u00f3\u0142prac\u0119 z nast\u0119puj\u0105cymi instytucjami kultury:<\/p>\t\t\t\t\t\t\t\t<\/div>\n\t\t\t\t<\/div>\n\t\t\t\t\t<\/div>\n\t\t<\/div>\n\t\t\t\t\t<\/div>\n\t\t<\/section>\n\t\t\t\t<section class=\"elementor-section elementor-top-section elementor-element elementor-element-3915689 elementor-section-boxed elementor-section-height-default elementor-section-height-default\" data-id=\"3915689\" data-element_type=\"section\" data-e-type=\"section\">\n\t\t\t\t\t\t<div class=\"elementor-container elementor-column-gap-default\">\n\t\t\t\t\t<div class=\"elementor-column elementor-col-100 elementor-top-column elementor-element elementor-element-5a0e4ef\" data-id=\"5a0e4ef\" data-element_type=\"column\" data-e-type=\"column\">\n\t\t\t<div class=\"elementor-widget-wrap elementor-element-populated\">\n\t\t\t\t\t\t<div class=\"elementor-element elementor-element-21b46e4 elementor-widget elementor-widget-heading\" data-id=\"21b46e4\" data-element_type=\"widget\" data-e-type=\"widget\" data-widget_type=\"heading.default\">\n\t\t\t\t<div class=\"elementor-widget-container\">\n\t\t\t\t\t<h2 class=\"elementor-heading-title elementor-size-default\">Biblioteka Uniwersytecka w Toruniu<\/h2>\t\t\t\t<\/div>\n\t\t\t\t<\/div>\n\t\t\t\t<section class=\"elementor-section elementor-inner-section elementor-element elementor-element-414d693 elementor-section-boxed elementor-section-height-default elementor-section-height-default\" data-id=\"414d693\" data-element_type=\"section\" data-e-type=\"section\">\n\t\t\t\t\t\t<div class=\"elementor-container elementor-column-gap-default\">\n\t\t\t\t\t<div class=\"elementor-column elementor-col-33 elementor-inner-column elementor-element elementor-element-840b267\" data-id=\"840b267\" data-element_type=\"column\" data-e-type=\"column\">\n\t\t\t<div class=\"elementor-widget-wrap elementor-element-populated\">\n\t\t\t\t\t\t<div class=\"elementor-element elementor-element-8953668 elementor-widget elementor-widget-image\" data-id=\"8953668\" data-element_type=\"widget\" data-e-type=\"widget\" data-widget_type=\"image.default\">\n\t\t\t\t<div class=\"elementor-widget-container\">\n\t\t\t\t\t\t\t\t\t\t\t\t\t\t\t<img fetchpriority=\"high\" decoding=\"async\" width=\"768\" height=\"512\" src=\"https:\/\/bitscope.umk.pl\/wp-content\/uploads\/2023\/06\/BU-768x512.jpg\" class=\"attachment-medium_large size-medium_large wp-image-363\" alt=\"\" srcset=\"https:\/\/bitscope.umk.pl\/wp-content\/uploads\/2023\/06\/BU-768x512.jpg 768w, https:\/\/bitscope.umk.pl\/wp-content\/uploads\/2023\/06\/BU-300x200.jpg 300w, https:\/\/bitscope.umk.pl\/wp-content\/uploads\/2023\/06\/BU-18x12.jpg 18w, https:\/\/bitscope.umk.pl\/wp-content\/uploads\/2023\/06\/BU.jpg 1024w\" sizes=\"(max-width: 768px) 100vw, 768px\" \/>\t\t\t\t\t\t\t\t\t\t\t\t\t\t\t<\/div>\n\t\t\t\t<\/div>\n\t\t\t\t\t<\/div>\n\t\t<\/div>\n\t\t\t\t<div class=\"elementor-column elementor-col-66 elementor-inner-column elementor-element elementor-element-9c945e8\" data-id=\"9c945e8\" data-element_type=\"column\" data-e-type=\"column\">\n\t\t\t<div class=\"elementor-widget-wrap elementor-element-populated\">\n\t\t\t\t\t\t<div class=\"elementor-element elementor-element-62591f4 elementor-widget elementor-widget-text-editor\" data-id=\"62591f4\" data-element_type=\"widget\" data-e-type=\"widget\" data-widget_type=\"text-editor.default\">\n\t\t\t\t<div class=\"elementor-widget-container\">\n\t\t\t\t\t\t\t\t\t<p>Biblioteka Uniwersytecka w Toruniu to jedna z najwi\u0119kszych bibliotek naukowych w Polsce. Posiada bogate zbiory w zakresie nauk humanistycznych, spo\u0142ecznych, medycznych i przyrodniczych oraz unikalne r\u0119kopisy i starodruki. W sk\u0142ad zbior\u00f3w Biblioteki Uniwersyteckiej w Toruniu wchodzi kolekcja XIX wiecznych rycin wile\u0144skich oraz toru\u0144skich artyst\u00f3w grafik\u00f3w.<\/p><p><b>Osoba kontaktowa:<\/b> <a href=\"mailto:dpi@umk.pl\">dr Dominik M. Piotrowski<\/a><\/p><p><strong>Wybrane zasoby:<\/strong><\/p><ul><li><a href=\"https:\/\/umkt-my.sharepoint.com\/:f:\/r\/personal\/dpi_o365_umk_pl\/Documents\/Bitscope\/GLAM\/UMK%20BU%20wybrane%20zasoby\/Zasoby?csf=1&amp;web=1&amp;e=OHGOvu\">Zasoby<\/a><\/li><li><a href=\"https:\/\/umkt-my.sharepoint.com\/:x:\/r\/personal\/dpi_o365_umk_pl\/Documents\/Bitscope\/GLAM\/UMK%20BU%20wybrane%20zasoby\/Wybrane%20zasoby%20UMK%20BU.xlsx?d=w488f96b154f143a6a533f104d80c9115&amp;csf=1&amp;web=1&amp;e=Hr44G1\">Wybrane zasoby UMK BU.xlsx<\/a><\/li><\/ul>\t\t\t\t\t\t\t\t<\/div>\n\t\t\t\t<\/div>\n\t\t\t\t\t<\/div>\n\t\t<\/div>\n\t\t\t\t\t<\/div>\n\t\t<\/section>\n\t\t\t\t\t<\/div>\n\t\t<\/div>\n\t\t\t\t\t<\/div>\n\t\t<\/section>\n\t\t\t\t<section class=\"elementor-section elementor-top-section elementor-element elementor-element-32d0055 elementor-section-boxed elementor-section-height-default elementor-section-height-default\" data-id=\"32d0055\" data-element_type=\"section\" data-e-type=\"section\">\n\t\t\t\t\t\t<div class=\"elementor-container elementor-column-gap-default\">\n\t\t\t\t\t<div class=\"elementor-column elementor-col-100 elementor-top-column elementor-element elementor-element-8de2330\" data-id=\"8de2330\" data-element_type=\"column\" data-e-type=\"column\">\n\t\t\t<div class=\"elementor-widget-wrap elementor-element-populated\">\n\t\t\t\t\t\t<div class=\"elementor-element elementor-element-c68c22f elementor-widget elementor-widget-heading\" data-id=\"c68c22f\" data-element_type=\"widget\" data-e-type=\"widget\" data-widget_type=\"heading.default\">\n\t\t\t\t<div class=\"elementor-widget-container\">\n\t\t\t\t\t<h2 class=\"elementor-heading-title elementor-size-default\">Muzeum Okr\u0119gowe w Toruniu<\/h2>\t\t\t\t<\/div>\n\t\t\t\t<\/div>\n\t\t\t\t<section class=\"elementor-section elementor-inner-section elementor-element elementor-element-0f3ad28 elementor-section-boxed elementor-section-height-default elementor-section-height-default\" data-id=\"0f3ad28\" data-element_type=\"section\" data-e-type=\"section\">\n\t\t\t\t\t\t<div class=\"elementor-container elementor-column-gap-default\">\n\t\t\t\t\t<div class=\"elementor-column elementor-col-33 elementor-inner-column elementor-element elementor-element-2fb68bc\" data-id=\"2fb68bc\" data-element_type=\"column\" data-e-type=\"column\">\n\t\t\t<div class=\"elementor-widget-wrap elementor-element-populated\">\n\t\t\t\t\t\t<div class=\"elementor-element elementor-element-feb023b elementor-widget elementor-widget-image\" data-id=\"feb023b\" data-element_type=\"widget\" data-e-type=\"widget\" data-widget_type=\"image.default\">\n\t\t\t\t<div class=\"elementor-widget-container\">\n\t\t\t\t\t\t\t\t\t\t\t\t\t\t\t<img decoding=\"async\" width=\"768\" height=\"521\" src=\"https:\/\/bitscope.umk.pl\/wp-content\/uploads\/2023\/06\/Torun_ratusz_corr-768x521.jpg\" class=\"attachment-medium_large size-medium_large wp-image-364\" alt=\"\" srcset=\"https:\/\/bitscope.umk.pl\/wp-content\/uploads\/2023\/06\/Torun_ratusz_corr-768x521.jpg 768w, https:\/\/bitscope.umk.pl\/wp-content\/uploads\/2023\/06\/Torun_ratusz_corr-300x204.jpg 300w, https:\/\/bitscope.umk.pl\/wp-content\/uploads\/2023\/06\/Torun_ratusz_corr-1024x695.jpg 1024w, https:\/\/bitscope.umk.pl\/wp-content\/uploads\/2023\/06\/Torun_ratusz_corr-1536x1042.jpg 1536w, https:\/\/bitscope.umk.pl\/wp-content\/uploads\/2023\/06\/Torun_ratusz_corr-18x12.jpg 18w, https:\/\/bitscope.umk.pl\/wp-content\/uploads\/2023\/06\/Torun_ratusz_corr.jpg 1780w\" sizes=\"(max-width: 768px) 100vw, 768px\" \/>\t\t\t\t\t\t\t\t\t\t\t\t\t\t\t<\/div>\n\t\t\t\t<\/div>\n\t\t\t\t\t<\/div>\n\t\t<\/div>\n\t\t\t\t<div class=\"elementor-column elementor-col-66 elementor-inner-column elementor-element elementor-element-f72f424\" data-id=\"f72f424\" data-element_type=\"column\" data-e-type=\"column\">\n\t\t\t<div class=\"elementor-widget-wrap elementor-element-populated\">\n\t\t\t\t\t\t<div class=\"elementor-element elementor-element-fcdce5e elementor-widget elementor-widget-text-editor\" data-id=\"fcdce5e\" data-element_type=\"widget\" data-e-type=\"widget\" data-widget_type=\"text-editor.default\">\n\t\t\t\t<div class=\"elementor-widget-container\">\n\t\t\t\t\t\t\t\t\t<p>Muzeum Okr\u0119gowe w Toruniu to instytucja kultury z bogat\u0105 kolekcj\u0105 sztuki i rzemios\u0142a artystycznego z regionu Kujaw i Pomorza. Znajduj\u0105 si\u0119 tam m.in. dzie\u0142a sztuki nowo\u017cytnej, numizmatyka oraz eksponaty zwi\u0105zane z histori\u0105 Torunia i jego mieszka\u0144c\u00f3w.<\/p><p><b>Osoba kontaktowa:<\/b> <a href=\"mailto:m.nierzwicka@muzeum.torun.pl\">dr Magdalena Nierzwicka<\/a><\/p>\t\t\t\t\t\t\t\t<\/div>\n\t\t\t\t<\/div>\n\t\t\t\t\t<\/div>\n\t\t<\/div>\n\t\t\t\t\t<\/div>\n\t\t<\/section>\n\t\t\t\t\t<\/div>\n\t\t<\/div>\n\t\t\t\t\t<\/div>\n\t\t<\/section>\n\t\t\t\t<section class=\"elementor-section elementor-top-section elementor-element elementor-element-ccbfdc8 elementor-section-boxed elementor-section-height-default elementor-section-height-default\" data-id=\"ccbfdc8\" data-element_type=\"section\" data-e-type=\"section\">\n\t\t\t\t\t\t<div class=\"elementor-container elementor-column-gap-default\">\n\t\t\t\t\t<div class=\"elementor-column elementor-col-100 elementor-top-column elementor-element elementor-element-6e07c5c\" data-id=\"6e07c5c\" data-element_type=\"column\" data-e-type=\"column\">\n\t\t\t<div class=\"elementor-widget-wrap elementor-element-populated\">\n\t\t\t\t\t\t<div class=\"elementor-element elementor-element-083fc75 elementor-widget elementor-widget-heading\" data-id=\"083fc75\" data-element_type=\"widget\" data-e-type=\"widget\" data-widget_type=\"heading.default\">\n\t\t\t\t<div class=\"elementor-widget-container\">\n\t\t\t\t\t<h2 class=\"elementor-heading-title elementor-size-default\">Muzeum im. Jana Kasprowicza w Inowroc\u0142awiu<\/h2>\t\t\t\t<\/div>\n\t\t\t\t<\/div>\n\t\t\t\t<section class=\"elementor-section elementor-inner-section elementor-element elementor-element-b096a5a elementor-section-boxed elementor-section-height-default elementor-section-height-default\" data-id=\"b096a5a\" data-element_type=\"section\" data-e-type=\"section\">\n\t\t\t\t\t\t<div class=\"elementor-container elementor-column-gap-default\">\n\t\t\t\t\t<div class=\"elementor-column elementor-col-33 elementor-inner-column elementor-element elementor-element-02c7517\" data-id=\"02c7517\" data-element_type=\"column\" data-e-type=\"column\">\n\t\t\t<div class=\"elementor-widget-wrap elementor-element-populated\">\n\t\t\t\t\t\t<div class=\"elementor-element elementor-element-8bf6c07 elementor-widget elementor-widget-image\" data-id=\"8bf6c07\" data-element_type=\"widget\" data-e-type=\"widget\" data-widget_type=\"image.default\">\n\t\t\t\t<div class=\"elementor-widget-container\">\n\t\t\t\t\t\t\t\t\t\t\t\t\t\t\t<img decoding=\"async\" width=\"768\" height=\"576\" src=\"https:\/\/bitscope.umk.pl\/wp-content\/uploads\/2023\/06\/02-o-muzeum2_t4_800_mini-768x576.jpg\" class=\"attachment-medium_large size-medium_large wp-image-365\" alt=\"\" srcset=\"https:\/\/bitscope.umk.pl\/wp-content\/uploads\/2023\/06\/02-o-muzeum2_t4_800_mini-768x576.jpg 768w, https:\/\/bitscope.umk.pl\/wp-content\/uploads\/2023\/06\/02-o-muzeum2_t4_800_mini-300x225.jpg 300w, https:\/\/bitscope.umk.pl\/wp-content\/uploads\/2023\/06\/02-o-muzeum2_t4_800_mini-16x12.jpg 16w, https:\/\/bitscope.umk.pl\/wp-content\/uploads\/2023\/06\/02-o-muzeum2_t4_800_mini.jpg 800w\" sizes=\"(max-width: 768px) 100vw, 768px\" \/>\t\t\t\t\t\t\t\t\t\t\t\t\t\t\t<\/div>\n\t\t\t\t<\/div>\n\t\t\t\t\t<\/div>\n\t\t<\/div>\n\t\t\t\t<div class=\"elementor-column elementor-col-66 elementor-inner-column elementor-element elementor-element-db24e0a\" data-id=\"db24e0a\" data-element_type=\"column\" data-e-type=\"column\">\n\t\t\t<div class=\"elementor-widget-wrap elementor-element-populated\">\n\t\t\t\t\t\t<div class=\"elementor-element elementor-element-467e6e2 elementor-widget elementor-widget-text-editor\" data-id=\"467e6e2\" data-element_type=\"widget\" data-e-type=\"widget\" data-widget_type=\"text-editor.default\">\n\t\t\t\t<div class=\"elementor-widget-container\">\n\t\t\t\t\t\t\t\t\t<p class=\"MsoNormal\">Muzeum im. Jana Kasprowicza w Inowroc\u0142awiu to instytucja kultury po\u015bwi\u0119cona pami\u0119ci polskiego poety. Znajduj\u0105 si\u0119 tam ekspozycje zwi\u0105zane z jego \u017cyciem i tw\u00f3rczo\u015bci\u0105, a tak\u017ce z histori\u0105 miasta i regionu. Muzeum mie\u015bci si\u0119 w zabytkowej kamienicy z XVIII wieku, co dodaje mu niepowtarzalnego klimatu.<\/p><p class=\"MsoNormal\"><strong>Osoba kontaktowa:<\/strong> <a href=\"mailto:sztuka@muzeum-inowroclaw.pl\">Agnieszka Dzikiewicz<\/a><\/p>\t\t\t\t\t\t\t\t<\/div>\n\t\t\t\t<\/div>\n\t\t\t\t\t<\/div>\n\t\t<\/div>\n\t\t\t\t\t<\/div>\n\t\t<\/section>\n\t\t\t\t\t<\/div>\n\t\t<\/div>\n\t\t\t\t\t<\/div>\n\t\t<\/section>\n\t\t\t\t<section class=\"elementor-section elementor-top-section elementor-element elementor-element-7234b01 elementor-section-boxed elementor-section-height-default elementor-section-height-default\" data-id=\"7234b01\" data-element_type=\"section\" data-e-type=\"section\">\n\t\t\t\t\t\t<div class=\"elementor-container elementor-column-gap-default\">\n\t\t\t\t\t<div class=\"elementor-column elementor-col-100 elementor-top-column elementor-element elementor-element-d0e22fb\" data-id=\"d0e22fb\" data-element_type=\"column\" data-e-type=\"column\">\n\t\t\t<div class=\"elementor-widget-wrap elementor-element-populated\">\n\t\t\t\t\t\t<div class=\"elementor-element elementor-element-acd0a61 elementor-widget elementor-widget-text-editor\" data-id=\"acd0a61\" data-element_type=\"widget\" data-e-type=\"widget\" data-widget_type=\"text-editor.default\">\n\t\t\t\t<div class=\"elementor-widget-container\">\n\t\t\t\t\t\t\t\t\t<p>Jednocze\u015bnie pozyskano zgod\u0119 na wykorzystanie wybranych wizerunk\u00f3w cyfrowych grafik <strong>Profesora Miros\u0142awa Piotrowskiego<\/strong>.<\/p>\t\t\t\t\t\t\t\t<\/div>\n\t\t\t\t<\/div>\n\t\t\t\t\t<\/div>\n\t\t<\/div>\n\t\t\t\t\t<\/div>\n\t\t<\/section>\n\t\t\t\t<\/div>","protected":false},"excerpt":{"rendered":"<p>Zesp\u00f3\u0142 badawczy nawi\u0105za\u0142 wsp\u00f3\u0142prac\u0119 z nast\u0119puj\u0105cymi instytucjami kultury: Biblioteka Uniwersytecka w Toruniu Biblioteka Uniwersytecka w Toruniu to jedna z najwi\u0119kszych bibliotek naukowych w Polsce. Posiada bogate zbiory w zakresie nauk humanistycznych, spo\u0142ecznych, medycznych i przyrodniczych oraz unikalne r\u0119kopisy i starodruki. W sk\u0142ad zbior\u00f3w Biblioteki Uniwersyteckiej w Toruniu wchodzi kolekcja XIX wiecznych rycin wile\u0144skich oraz toru\u0144skich [&hellip;]<\/p>","protected":false},"author":1,"featured_media":0,"parent":0,"menu_order":0,"comment_status":"closed","ping_status":"closed","template":"","meta":{"footnotes":""},"class_list":["post-361","page","type-page","status-publish","hentry"],"_links":{"self":[{"href":"https:\/\/bitscope.umk.pl\/en\/wp-json\/wp\/v2\/pages\/361","targetHints":{"allow":["GET"]}}],"collection":[{"href":"https:\/\/bitscope.umk.pl\/en\/wp-json\/wp\/v2\/pages"}],"about":[{"href":"https:\/\/bitscope.umk.pl\/en\/wp-json\/wp\/v2\/types\/page"}],"author":[{"embeddable":true,"href":"https:\/\/bitscope.umk.pl\/en\/wp-json\/wp\/v2\/users\/1"}],"replies":[{"embeddable":true,"href":"https:\/\/bitscope.umk.pl\/en\/wp-json\/wp\/v2\/comments?post=361"}],"version-history":[{"count":0,"href":"https:\/\/bitscope.umk.pl\/en\/wp-json\/wp\/v2\/pages\/361\/revisions"}],"wp:attachment":[{"href":"https:\/\/bitscope.umk.pl\/en\/wp-json\/wp\/v2\/media?parent=361"}],"curies":[{"name":"wp","href":"https:\/\/api.w.org\/{rel}","templated":true}]}}