{"id":314,"date":"2023-06-13T10:15:40","date_gmt":"2023-06-13T08:15:40","guid":{"rendered":"https:\/\/bitscope.umk.pl\/?page_id=314"},"modified":"2023-06-13T10:18:27","modified_gmt":"2023-06-13T08:18:27","slug":"dominik-miroslaw-piotrowski","status":"publish","type":"page","link":"https:\/\/bitscope.umk.pl\/en\/dominik-miroslaw-piotrowski\/","title":{"rendered":"Dominik Miros\u0142aw Piotrowski"},"content":{"rendered":"<div data-elementor-type=\"wp-page\" data-elementor-id=\"314\" class=\"elementor elementor-314\" data-elementor-post-type=\"page\">\n\t\t\t\t\t\t<section class=\"elementor-section elementor-top-section elementor-element elementor-element-8de9050 elementor-section-boxed elementor-section-height-default elementor-section-height-default\" data-id=\"8de9050\" data-element_type=\"section\" data-e-type=\"section\">\n\t\t\t\t\t\t<div class=\"elementor-container elementor-column-gap-default\">\n\t\t\t\t\t<div class=\"elementor-column elementor-col-33 elementor-top-column elementor-element elementor-element-05a2f0d\" data-id=\"05a2f0d\" data-element_type=\"column\" data-e-type=\"column\">\n\t\t\t<div class=\"elementor-widget-wrap elementor-element-populated\">\n\t\t\t\t\t\t<div class=\"elementor-element elementor-element-6e5157d elementor-widget elementor-widget-image\" data-id=\"6e5157d\" data-element_type=\"widget\" data-e-type=\"widget\" data-widget_type=\"image.default\">\n\t\t\t\t<div class=\"elementor-widget-container\">\n\t\t\t\t\t\t\t\t\t\t\t\t\t\t\t<img fetchpriority=\"high\" decoding=\"async\" width=\"500\" height=\"500\" src=\"https:\/\/bitscope.umk.pl\/wp-content\/uploads\/2023\/06\/Dominik_Piotrowski.png\" class=\"attachment-large size-large wp-image-264\" alt=\"\" srcset=\"https:\/\/bitscope.umk.pl\/wp-content\/uploads\/2023\/06\/Dominik_Piotrowski.png 500w, https:\/\/bitscope.umk.pl\/wp-content\/uploads\/2023\/06\/Dominik_Piotrowski-300x300.png 300w, https:\/\/bitscope.umk.pl\/wp-content\/uploads\/2023\/06\/Dominik_Piotrowski-150x150.png 150w, https:\/\/bitscope.umk.pl\/wp-content\/uploads\/2023\/06\/Dominik_Piotrowski-12x12.png 12w\" sizes=\"(max-width: 500px) 100vw, 500px\" \/>\t\t\t\t\t\t\t\t\t\t\t\t\t\t\t<\/div>\n\t\t\t\t<\/div>\n\t\t\t\t\t<\/div>\n\t\t<\/div>\n\t\t\t\t<div class=\"elementor-column elementor-col-66 elementor-top-column elementor-element elementor-element-fa8fa44\" data-id=\"fa8fa44\" data-element_type=\"column\" data-e-type=\"column\">\n\t\t\t<div class=\"elementor-widget-wrap elementor-element-populated\">\n\t\t\t\t\t\t<div class=\"elementor-element elementor-element-0a44dd7 elementor-widget elementor-widget-text-editor\" data-id=\"0a44dd7\" data-element_type=\"widget\" data-e-type=\"widget\" data-widget_type=\"text-editor.default\">\n\t\t\t\t<div class=\"elementor-widget-container\">\n\t\t\t\t\t\t\t\t\t<p><strong>Dominik Miros\u0142aw Piotrowski<\/strong> Dominik Miros\u0142aw Piotrowski - holder of a Ph.D. in book studies and information science, senior curator at the University Library in Toru\u0144. He is interested in information management, open science, digital humanities, and digital curation. In his professional work, he deals with the optimisation of online information services, the promotion of digital collections, and the issue of open research data. He is a member of the Council of the DARIAH-PL Consortium, as well as a member of the International Society for Knowledge Organization (ISKO) and the Europeana Network Association.<\/p><p>In the BITSCOPE project, is responsible for liaising with GLAM institutions and managing research data.<\/p>\t\t\t\t\t\t\t\t<\/div>\n\t\t\t\t<\/div>\n\t\t\t\t\t<\/div>\n\t\t<\/div>\n\t\t\t\t\t<\/div>\n\t\t<\/section>\n\t\t\t\t<\/div>","protected":false},"excerpt":{"rendered":"<p>Dominik Miros\u0142aw Piotrowski \u2013 doktor w zakresie bibliologii i informatologii, starszy kustosz dyplomowany w Bibliotece Uniwersyteckiej w Toruniu. Interesuje si\u0119 zarz\u0105dzaniem informacj\u0105, otwart\u0105 nauk\u0105, humanistyk\u0105 cyfrow\u0105 i kuratorstwem cyfrowym. W pracy zawodowej zajmuje si\u0119 optymalizacj\u0105 us\u0142ug informacyjnych online, promocj\u0105 kolekcji cyfrowych oraz problematyk\u0105 otwartych danych badawczych. Jest cz\u0142onkiem Rady Konsorcjum DARIAH-PL, a tak\u017ce cz\u0142onkiem International [&hellip;]<\/p>","protected":false},"author":1,"featured_media":0,"parent":0,"menu_order":0,"comment_status":"closed","ping_status":"closed","template":"","meta":{"footnotes":""},"class_list":["post-314","page","type-page","status-publish","hentry"],"_links":{"self":[{"href":"https:\/\/bitscope.umk.pl\/en\/wp-json\/wp\/v2\/pages\/314","targetHints":{"allow":["GET"]}}],"collection":[{"href":"https:\/\/bitscope.umk.pl\/en\/wp-json\/wp\/v2\/pages"}],"about":[{"href":"https:\/\/bitscope.umk.pl\/en\/wp-json\/wp\/v2\/types\/page"}],"author":[{"embeddable":true,"href":"https:\/\/bitscope.umk.pl\/en\/wp-json\/wp\/v2\/users\/1"}],"replies":[{"embeddable":true,"href":"https:\/\/bitscope.umk.pl\/en\/wp-json\/wp\/v2\/comments?post=314"}],"version-history":[{"count":0,"href":"https:\/\/bitscope.umk.pl\/en\/wp-json\/wp\/v2\/pages\/314\/revisions"}],"wp:attachment":[{"href":"https:\/\/bitscope.umk.pl\/en\/wp-json\/wp\/v2\/media?parent=314"}],"curies":[{"name":"wp","href":"https:\/\/api.w.org\/{rel}","templated":true}]}}