{"id":309,"date":"2023-06-13T10:04:48","date_gmt":"2023-06-13T08:04:48","guid":{"rendered":"https:\/\/bitscope.umk.pl\/?page_id=309"},"modified":"2023-06-13T10:06:32","modified_gmt":"2023-06-13T08:06:32","slug":"weronika-kortas","status":"publish","type":"page","link":"https:\/\/bitscope.umk.pl\/en\/weronika-kortas\/","title":{"rendered":"Weronika Kortas"},"content":{"rendered":"<div data-elementor-type=\"wp-page\" data-elementor-id=\"309\" class=\"elementor elementor-309\" data-elementor-post-type=\"page\">\n\t\t\t\t\t\t<section class=\"elementor-section elementor-top-section elementor-element elementor-element-24e7575 elementor-section-boxed elementor-section-height-default elementor-section-height-default\" data-id=\"24e7575\" data-element_type=\"section\" data-e-type=\"section\">\n\t\t\t\t\t\t<div class=\"elementor-container elementor-column-gap-default\">\n\t\t\t\t\t<div class=\"elementor-column elementor-col-33 elementor-top-column elementor-element elementor-element-8ddd7e9\" data-id=\"8ddd7e9\" data-element_type=\"column\" data-e-type=\"column\">\n\t\t\t<div class=\"elementor-widget-wrap elementor-element-populated\">\n\t\t\t\t\t\t<div class=\"elementor-element elementor-element-5f31805 elementor-widget elementor-widget-image\" data-id=\"5f31805\" data-element_type=\"widget\" data-e-type=\"widget\" data-widget_type=\"image.default\">\n\t\t\t\t<div class=\"elementor-widget-container\">\n\t\t\t\t\t\t\t\t\t\t\t\t\t\t\t<img fetchpriority=\"high\" decoding=\"async\" width=\"500\" height=\"500\" src=\"https:\/\/bitscope.umk.pl\/wp-content\/uploads\/2023\/06\/Weronika_kortas.png\" class=\"attachment-large size-large wp-image-267\" alt=\"\" srcset=\"https:\/\/bitscope.umk.pl\/wp-content\/uploads\/2023\/06\/Weronika_kortas.png 500w, https:\/\/bitscope.umk.pl\/wp-content\/uploads\/2023\/06\/Weronika_kortas-300x300.png 300w, https:\/\/bitscope.umk.pl\/wp-content\/uploads\/2023\/06\/Weronika_kortas-150x150.png 150w, https:\/\/bitscope.umk.pl\/wp-content\/uploads\/2023\/06\/Weronika_kortas-12x12.png 12w\" sizes=\"(max-width: 500px) 100vw, 500px\" \/>\t\t\t\t\t\t\t\t\t\t\t\t\t\t\t<\/div>\n\t\t\t\t<\/div>\n\t\t\t\t\t<\/div>\n\t\t<\/div>\n\t\t\t\t<div class=\"elementor-column elementor-col-66 elementor-top-column elementor-element elementor-element-7ce539a\" data-id=\"7ce539a\" data-element_type=\"column\" data-e-type=\"column\">\n\t\t\t<div class=\"elementor-widget-wrap elementor-element-populated\">\n\t\t\t\t\t\t<div class=\"elementor-element elementor-element-b5084e2 elementor-widget elementor-widget-text-editor\" data-id=\"b5084e2\" data-element_type=\"widget\" data-e-type=\"widget\" data-widget_type=\"text-editor.default\">\n\t\t\t\t<div class=\"elementor-widget-container\">\n\t\t\t\t\t\t\t\t\t<p class=\"translation-block\"><strong>Dr Weronika Kortas<\/strong> \u2013 works as an assistant at the Institute of Information and Communication Research at the Nicolaus Copernicus University in Toru\u0144. In 2022, she defended her doctoral thesis in the field of social communication and media (social sciences). She is a graduate of Library and Information Science and Sociology at NCU in Toru\u0144. She also completed post-graduate studies \"User Experience - designing applications, products and services\" at WSB in Gda\u0144sk.<\/p><p>She organized several scientific conferences, including the 1st (2019), 2nd (2020), 4th (2022) and 5th (2023) National WIAD Conference and the 1st International WIAD Conference in 2021 (5 in total as part of the World Information Architecture Day). She is a member of the ISKO Scientific Society and the editorial board of the scientific journal \"TSB\".<\/p><p class=\"translation-block\"><strong>Role in the project<\/strong>: study planning and evaluation of ET applications in terms of user experience (UX)<\/p><p class=\"translation-block\"><strong>Interests<\/strong>:  Internet communities (functioning and meeting the information and communication needs of their members); UX - building positive user experience; information architecture; design thinking; user-centric design (UCD); social reading; utility.<\/p><p><strong>Links<\/strong>:<\/p><p>LinkedIn <a href=\"https:\/\/www.linkedin.com\/in\/wu-kortas\/\">https:\/\/www.linkedin.com\/in\/wu-kortas\/<\/a><\/p><p>WWW <a href=\"https:\/\/weronika.kortas.prac.umk.pl\/\">https:\/\/weronika.kortas.prac.umk.pl\/<\/a><\/p><p>Instagram <a href=\"https:\/\/www.instagram.com\/wkolo_ux\/\">https:\/\/www.instagram.com\/wkolo_ux\/<\/a><\/p>\t\t\t\t\t\t\t\t<\/div>\n\t\t\t\t<\/div>\n\t\t\t\t\t<\/div>\n\t\t<\/div>\n\t\t\t\t\t<\/div>\n\t\t<\/section>\n\t\t\t\t<\/div>","protected":false},"excerpt":{"rendered":"<p>Dr Weronika Kortas &#8211; pracuje na stanowisku asystent(ki)a w Instytucie Bada\u0144 Informacji i Komunikacji Uniwersytetu Miko\u0142aja Kopernika w Toruniu. W 2022 r. obroni\u0142a prac\u0119 doktorsk\u0105 z zakresu komunikacji spo\u0142ecznej i medi\u00f3w (nauki spo\u0142eczne). Jest absolwentk\u0105 Bibliotekoznawstwa i Informacji Naukowej oraz Socjologii ww. uczelni. Uko\u0144czy\u0142a r\u00f3wnie\u017c studia podyplomowe \u201eUser Experience \u2013 projektowanie aplikacji, produkt\u00f3w i us\u0142ug\u201d [&hellip;]<\/p>","protected":false},"author":1,"featured_media":0,"parent":0,"menu_order":0,"comment_status":"closed","ping_status":"closed","template":"","meta":{"footnotes":""},"class_list":["post-309","page","type-page","status-publish","hentry"],"_links":{"self":[{"href":"https:\/\/bitscope.umk.pl\/en\/wp-json\/wp\/v2\/pages\/309","targetHints":{"allow":["GET"]}}],"collection":[{"href":"https:\/\/bitscope.umk.pl\/en\/wp-json\/wp\/v2\/pages"}],"about":[{"href":"https:\/\/bitscope.umk.pl\/en\/wp-json\/wp\/v2\/types\/page"}],"author":[{"embeddable":true,"href":"https:\/\/bitscope.umk.pl\/en\/wp-json\/wp\/v2\/users\/1"}],"replies":[{"embeddable":true,"href":"https:\/\/bitscope.umk.pl\/en\/wp-json\/wp\/v2\/comments?post=309"}],"version-history":[{"count":0,"href":"https:\/\/bitscope.umk.pl\/en\/wp-json\/wp\/v2\/pages\/309\/revisions"}],"wp:attachment":[{"href":"https:\/\/bitscope.umk.pl\/en\/wp-json\/wp\/v2\/media?parent=309"}],"curies":[{"name":"wp","href":"https:\/\/api.w.org\/{rel}","templated":true}]}}