{"id":302,"date":"2023-06-13T10:01:44","date_gmt":"2023-06-13T08:01:44","guid":{"rendered":"https:\/\/bitscope.umk.pl\/?page_id=302"},"modified":"2023-06-13T10:02:52","modified_gmt":"2023-06-13T08:02:52","slug":"emilia-pilarz","status":"publish","type":"page","link":"https:\/\/bitscope.umk.pl\/en\/emilia-pilarz\/","title":{"rendered":"Emilia Pilarz"},"content":{"rendered":"<div data-elementor-type=\"wp-page\" data-elementor-id=\"302\" class=\"elementor elementor-302\" data-elementor-post-type=\"page\">\n\t\t\t\t\t\t<section class=\"elementor-section elementor-top-section elementor-element elementor-element-804ff38 elementor-section-boxed elementor-section-height-default elementor-section-height-default\" data-id=\"804ff38\" data-element_type=\"section\" data-e-type=\"section\">\n\t\t\t\t\t\t<div class=\"elementor-container elementor-column-gap-default\">\n\t\t\t\t\t<div class=\"elementor-column elementor-col-33 elementor-top-column elementor-element elementor-element-2f01dba\" data-id=\"2f01dba\" data-element_type=\"column\" data-e-type=\"column\">\n\t\t\t<div class=\"elementor-widget-wrap elementor-element-populated\">\n\t\t\t\t\t\t<div class=\"elementor-element elementor-element-16c2a55 elementor-widget elementor-widget-image\" data-id=\"16c2a55\" data-element_type=\"widget\" data-e-type=\"widget\" data-widget_type=\"image.default\">\n\t\t\t\t<div class=\"elementor-widget-container\">\n\t\t\t\t\t\t\t\t\t\t\t\t\t\t\t<img fetchpriority=\"high\" decoding=\"async\" width=\"500\" height=\"500\" src=\"https:\/\/bitscope.umk.pl\/wp-content\/uploads\/2023\/06\/Emilia_pilarz.png\" class=\"attachment-large size-large wp-image-304\" alt=\"\" srcset=\"https:\/\/bitscope.umk.pl\/wp-content\/uploads\/2023\/06\/Emilia_pilarz.png 500w, https:\/\/bitscope.umk.pl\/wp-content\/uploads\/2023\/06\/Emilia_pilarz-300x300.png 300w, https:\/\/bitscope.umk.pl\/wp-content\/uploads\/2023\/06\/Emilia_pilarz-150x150.png 150w, https:\/\/bitscope.umk.pl\/wp-content\/uploads\/2023\/06\/Emilia_pilarz-12x12.png 12w\" sizes=\"(max-width: 500px) 100vw, 500px\" \/>\t\t\t\t\t\t\t\t\t\t\t\t\t\t\t<\/div>\n\t\t\t\t<\/div>\n\t\t\t\t\t<\/div>\n\t\t<\/div>\n\t\t\t\t<div class=\"elementor-column elementor-col-66 elementor-top-column elementor-element elementor-element-e0e1475\" data-id=\"e0e1475\" data-element_type=\"column\" data-e-type=\"column\">\n\t\t\t<div class=\"elementor-widget-wrap elementor-element-populated\">\n\t\t\t\t\t\t<div class=\"elementor-element elementor-element-8e1f0d7 elementor-widget elementor-widget-text-editor\" data-id=\"8e1f0d7\" data-element_type=\"widget\" data-e-type=\"widget\" data-widget_type=\"text-editor.default\">\n\t\t\t\t<div class=\"elementor-widget-container\">\n\t\t\t\t\t\t\t\t\t<p class=\"translation-block\">Born on October 12, 2002 in Toru\u0144. She is currently a second-year student of Journalism and Social Communication at the Academy of Social and Media Culture in Toru\u0144 and of Ethnology-Cultural Anthropology at Nicolaus Copernicus University also in Toru\u0144. She is a graduate of the Second Level Music School in Toru\u0144. <a href=\"https:\/\/www.human.umk.pl\/panel\/wp-content\/uploads\/okolice_2022_23_Pilarz.pdf\" target=\"_self\">In 2022, she participated in research on matriarchy, alternative art, identity migration and relationships in Warmia in the municipality of Jonkowo<\/a>.<\/p><p>She is a participant in the Bitscope program for surveys and interviews with respondents.\u00a0<\/p>\t\t\t\t\t\t\t\t<\/div>\n\t\t\t\t<\/div>\n\t\t\t\t\t<\/div>\n\t\t<\/div>\n\t\t\t\t\t<\/div>\n\t\t<\/section>\n\t\t\t\t<\/div>","protected":false},"excerpt":{"rendered":"<p>Urodzona 12 pa\u017adziernika 2002 roku w Toruniu. Obecnie studentka drugiego roku Dziennikarstwa\u00a0 i Komunikacji Spo\u0142ecznej na Akademii Kultury Spo\u0142ecznej i Medialnej w Toruniu oraz Etnologii-Antropologii Kulturowej na Uniwersytecie Miko\u0142aja Kopernika r\u00f3wnie\u017c w Toruniu. Jest absolwentk\u0105 Szko\u0142y Muzycznej II stopnia w Toruniu. W 2022 roku bra\u0142a udzia\u0142 w badaniach dotycz\u0105cych matriarchatu, sztuki alternatywnej, migracji to\u017csamo\u015bci i [&hellip;]<\/p>","protected":false},"author":1,"featured_media":0,"parent":0,"menu_order":0,"comment_status":"closed","ping_status":"closed","template":"","meta":{"footnotes":""},"class_list":["post-302","page","type-page","status-publish","hentry"],"_links":{"self":[{"href":"https:\/\/bitscope.umk.pl\/en\/wp-json\/wp\/v2\/pages\/302","targetHints":{"allow":["GET"]}}],"collection":[{"href":"https:\/\/bitscope.umk.pl\/en\/wp-json\/wp\/v2\/pages"}],"about":[{"href":"https:\/\/bitscope.umk.pl\/en\/wp-json\/wp\/v2\/types\/page"}],"author":[{"embeddable":true,"href":"https:\/\/bitscope.umk.pl\/en\/wp-json\/wp\/v2\/users\/1"}],"replies":[{"embeddable":true,"href":"https:\/\/bitscope.umk.pl\/en\/wp-json\/wp\/v2\/comments?post=302"}],"version-history":[{"count":0,"href":"https:\/\/bitscope.umk.pl\/en\/wp-json\/wp\/v2\/pages\/302\/revisions"}],"wp:attachment":[{"href":"https:\/\/bitscope.umk.pl\/en\/wp-json\/wp\/v2\/media?parent=302"}],"curies":[{"name":"wp","href":"https:\/\/api.w.org\/{rel}","templated":true}]}}