{"id":296,"date":"2023-06-13T09:59:10","date_gmt":"2023-06-13T07:59:10","guid":{"rendered":"https:\/\/bitscope.umk.pl\/?page_id=296"},"modified":"2023-06-13T10:00:14","modified_gmt":"2023-06-13T08:00:14","slug":"adam-szalach","status":"publish","type":"page","link":"https:\/\/bitscope.umk.pl\/en\/adam-szalach\/","title":{"rendered":"Adam Szalach"},"content":{"rendered":"<div data-elementor-type=\"wp-page\" data-elementor-id=\"296\" class=\"elementor elementor-296\" data-elementor-post-type=\"page\">\n\t\t\t\t\t\t<section class=\"elementor-section elementor-top-section elementor-element elementor-element-b651650 elementor-section-boxed elementor-section-height-default elementor-section-height-default\" data-id=\"b651650\" data-element_type=\"section\" data-e-type=\"section\">\n\t\t\t\t\t\t<div class=\"elementor-container elementor-column-gap-default\">\n\t\t\t\t\t<div class=\"elementor-column elementor-col-33 elementor-top-column elementor-element elementor-element-81f4aa6\" data-id=\"81f4aa6\" data-element_type=\"column\" data-e-type=\"column\">\n\t\t\t<div class=\"elementor-widget-wrap elementor-element-populated\">\n\t\t\t\t\t\t<div class=\"elementor-element elementor-element-fb2c18e elementor-widget elementor-widget-image\" data-id=\"fb2c18e\" data-element_type=\"widget\" data-e-type=\"widget\" data-widget_type=\"image.default\">\n\t\t\t\t<div class=\"elementor-widget-container\">\n\t\t\t\t\t\t\t\t\t\t\t\t\t\t\t<img fetchpriority=\"high\" decoding=\"async\" width=\"500\" height=\"500\" src=\"https:\/\/bitscope.umk.pl\/wp-content\/uploads\/2023\/06\/Adam_Szalach.png\" class=\"attachment-large size-large wp-image-263\" alt=\"\" srcset=\"https:\/\/bitscope.umk.pl\/wp-content\/uploads\/2023\/06\/Adam_Szalach.png 500w, https:\/\/bitscope.umk.pl\/wp-content\/uploads\/2023\/06\/Adam_Szalach-300x300.png 300w, https:\/\/bitscope.umk.pl\/wp-content\/uploads\/2023\/06\/Adam_Szalach-150x150.png 150w, https:\/\/bitscope.umk.pl\/wp-content\/uploads\/2023\/06\/Adam_Szalach-12x12.png 12w\" sizes=\"(max-width: 500px) 100vw, 500px\" \/>\t\t\t\t\t\t\t\t\t\t\t\t\t\t\t<\/div>\n\t\t\t\t<\/div>\n\t\t\t\t\t<\/div>\n\t\t<\/div>\n\t\t\t\t<div class=\"elementor-column elementor-col-66 elementor-top-column elementor-element elementor-element-d2b5827\" data-id=\"d2b5827\" data-element_type=\"column\" data-e-type=\"column\">\n\t\t\t<div class=\"elementor-widget-wrap elementor-element-populated\">\n\t\t\t\t\t\t<div class=\"elementor-element elementor-element-b189ba2 elementor-widget elementor-widget-text-editor\" data-id=\"b189ba2\" data-element_type=\"widget\" data-e-type=\"widget\" data-widget_type=\"text-editor.default\">\n\t\t\t\t<div class=\"elementor-widget-container\">\n\t\t\t\t\t\t\t\t\t<p class=\"translation-block\"><strong>Dr. Eng. Adam Szalach<\/strong> obtained his PhD degree in 2023 at the Nicholaus Copernicus University in Toru\u0144. A graduate and lecturer at the Academy of Social and Media Culture in Toru\u0144 at the Faculty of Journalism and Social Communication and IT engineering studies in the field of Multimedia Techniques. In his scientific work, he deals with the use of eye tracking technology in the analysis of educational and information portals, information architecture on the web, as well as designing and assessing the usability of interfaces. Professionally, he deals with business data analysis.<\/p><p>Privately, a husband and father who likes travelling, good movies and scale modelling.<\/p>\t\t\t\t\t\t\t\t<\/div>\n\t\t\t\t<\/div>\n\t\t\t\t\t<\/div>\n\t\t<\/div>\n\t\t\t\t\t<\/div>\n\t\t<\/section>\n\t\t\t\t<\/div>","protected":false},"excerpt":{"rendered":"<p>dr in\u017c. Adam Szalach &#8211; stopie\u0144 doktora w zakresie nauk spo\u0142ecznych uzyska\u0142 na Uniwersytecie Miko\u0142aja Kopernika w Toruniu w 2023 r. Absolwent oraz wyk\u0142adowca Akademii Kultury Spo\u0142ecznej i Medialnej w Toruniu na wydziale Dziennikarstwa i Komunikacji Spo\u0142ecznej oraz studi\u00f3w in\u017cynierskich Informatyki na kierunku Techniki Multimedialne. W swojej pracy naukowej zajmuje si\u0119 wykorzystaniem technologii eye tracking [&hellip;]<\/p>","protected":false},"author":1,"featured_media":0,"parent":0,"menu_order":0,"comment_status":"closed","ping_status":"closed","template":"","meta":{"footnotes":""},"class_list":["post-296","page","type-page","status-publish","hentry"],"_links":{"self":[{"href":"https:\/\/bitscope.umk.pl\/en\/wp-json\/wp\/v2\/pages\/296","targetHints":{"allow":["GET"]}}],"collection":[{"href":"https:\/\/bitscope.umk.pl\/en\/wp-json\/wp\/v2\/pages"}],"about":[{"href":"https:\/\/bitscope.umk.pl\/en\/wp-json\/wp\/v2\/types\/page"}],"author":[{"embeddable":true,"href":"https:\/\/bitscope.umk.pl\/en\/wp-json\/wp\/v2\/users\/1"}],"replies":[{"embeddable":true,"href":"https:\/\/bitscope.umk.pl\/en\/wp-json\/wp\/v2\/comments?post=296"}],"version-history":[{"count":0,"href":"https:\/\/bitscope.umk.pl\/en\/wp-json\/wp\/v2\/pages\/296\/revisions"}],"wp:attachment":[{"href":"https:\/\/bitscope.umk.pl\/en\/wp-json\/wp\/v2\/media?parent=296"}],"curies":[{"name":"wp","href":"https:\/\/api.w.org\/{rel}","templated":true}]}}