{"id":281,"date":"2023-06-13T09:54:59","date_gmt":"2023-06-13T07:54:59","guid":{"rendered":"https:\/\/bitscope.umk.pl\/?page_id=281"},"modified":"2023-06-13T09:55:46","modified_gmt":"2023-06-13T07:55:46","slug":"grzegorz-osinski","status":"publish","type":"page","link":"https:\/\/bitscope.umk.pl\/en\/grzegorz-osinski\/","title":{"rendered":"Grzegorz Osi\u0144ski"},"content":{"rendered":"<div data-elementor-type=\"wp-page\" data-elementor-id=\"281\" class=\"elementor elementor-281\" data-elementor-post-type=\"page\">\n\t\t\t\t\t\t<section class=\"elementor-section elementor-top-section elementor-element elementor-element-4ae7344 elementor-section-boxed elementor-section-height-default elementor-section-height-default\" data-id=\"4ae7344\" data-element_type=\"section\" data-e-type=\"section\">\n\t\t\t\t\t\t<div class=\"elementor-container elementor-column-gap-default\">\n\t\t\t\t\t<div class=\"elementor-column elementor-col-33 elementor-top-column elementor-element elementor-element-f3b4449\" data-id=\"f3b4449\" data-element_type=\"column\" data-e-type=\"column\">\n\t\t\t<div class=\"elementor-widget-wrap elementor-element-populated\">\n\t\t\t\t\t\t<div class=\"elementor-element elementor-element-506f162 elementor-widget elementor-widget-image\" data-id=\"506f162\" data-element_type=\"widget\" data-e-type=\"widget\" data-widget_type=\"image.default\">\n\t\t\t\t<div class=\"elementor-widget-container\">\n\t\t\t\t\t\t\t\t\t\t\t\t\t\t\t<img fetchpriority=\"high\" decoding=\"async\" width=\"500\" height=\"500\" src=\"https:\/\/bitscope.umk.pl\/wp-content\/uploads\/2023\/06\/grzegorz_osinski.png\" class=\"attachment-large size-large wp-image-265\" alt=\"\" srcset=\"https:\/\/bitscope.umk.pl\/wp-content\/uploads\/2023\/06\/grzegorz_osinski.png 500w, https:\/\/bitscope.umk.pl\/wp-content\/uploads\/2023\/06\/grzegorz_osinski-300x300.png 300w, https:\/\/bitscope.umk.pl\/wp-content\/uploads\/2023\/06\/grzegorz_osinski-150x150.png 150w, https:\/\/bitscope.umk.pl\/wp-content\/uploads\/2023\/06\/grzegorz_osinski-12x12.png 12w\" sizes=\"(max-width: 500px) 100vw, 500px\" \/>\t\t\t\t\t\t\t\t\t\t\t\t\t\t\t<\/div>\n\t\t\t\t<\/div>\n\t\t\t\t\t<\/div>\n\t\t<\/div>\n\t\t\t\t<div class=\"elementor-column elementor-col-66 elementor-top-column elementor-element elementor-element-430a479\" data-id=\"430a479\" data-element_type=\"column\" data-e-type=\"column\">\n\t\t\t<div class=\"elementor-widget-wrap elementor-element-populated\">\n\t\t\t\t\t\t<div class=\"elementor-element elementor-element-66f0c2d elementor-widget elementor-widget-text-editor\" data-id=\"66f0c2d\" data-element_type=\"widget\" data-e-type=\"widget\" data-widget_type=\"text-editor.default\">\n\t\t\t\t<div class=\"elementor-widget-container\">\n\t\t\t\t\t\t\t\t\t<p class=\"translation-block\"><strong>Grzegorz Osi\u0144ski (1967-2022)<\/strong> \u2013 quantum physicist, computer scientist and cognitive scientist. He is a graduate of the Faculty of Physics, Astronomy and Applied Computer Science at the Nicolaus Copernicus University, where in 2000 he defended his doctoral thesis. In 2001-2002, he was a scholarship holder in the COCOMO project implemented at the Technical University in Kaiserlautern. In 2002-2003, he was a National Research Council scholarship holder at the NASA\/JPL laboratories in Pasadena, California. For 15 years he headed the Institute of Computer Science at the Academy of Social and Media Culture in Toru\u0144. He was involved in the analysis of non-linear chaotic models in medical sciences and experimental psychology. Author of numerous scientific publications on the use of numerical algorithms in experimental brain research.\n<br><br>\nIn the Bitscope Project, he was responsible for cognitive issues of perception in the reception of visual messages.<\/p>\t\t\t\t\t\t\t\t<\/div>\n\t\t\t\t<\/div>\n\t\t\t\t\t<\/div>\n\t\t<\/div>\n\t\t\t\t\t<\/div>\n\t\t<\/section>\n\t\t\t\t<\/div>","protected":false},"excerpt":{"rendered":"<p>Grzegorz Osi\u0144ski (1967-2022) \u2013 fizyk kwantowy, informatyk, kognitywista. Absolwent Wydzia\u0142u Fizyki, Astronomii i Informatyki Stosowanej Uniwersytetu Miko\u0142aja Kopernika, gdzie w 2000 roku obroni\u0142 prac\u0119 doktorsk\u0105. W latach 2001-2002 stypendysta w projekcie COCOMO realizowanym w Technical University w Kaiserlautern. W latach 2002-2003 stypendysta National Research Council w laboratoriach NASA\/JPL w Pasadenie w Kalifornii. Przez 15 lat [&hellip;]<\/p>","protected":false},"author":1,"featured_media":0,"parent":0,"menu_order":0,"comment_status":"closed","ping_status":"closed","template":"","meta":{"footnotes":""},"class_list":["post-281","page","type-page","status-publish","hentry"],"_links":{"self":[{"href":"https:\/\/bitscope.umk.pl\/en\/wp-json\/wp\/v2\/pages\/281","targetHints":{"allow":["GET"]}}],"collection":[{"href":"https:\/\/bitscope.umk.pl\/en\/wp-json\/wp\/v2\/pages"}],"about":[{"href":"https:\/\/bitscope.umk.pl\/en\/wp-json\/wp\/v2\/types\/page"}],"author":[{"embeddable":true,"href":"https:\/\/bitscope.umk.pl\/en\/wp-json\/wp\/v2\/users\/1"}],"replies":[{"embeddable":true,"href":"https:\/\/bitscope.umk.pl\/en\/wp-json\/wp\/v2\/comments?post=281"}],"version-history":[{"count":0,"href":"https:\/\/bitscope.umk.pl\/en\/wp-json\/wp\/v2\/pages\/281\/revisions"}],"wp:attachment":[{"href":"https:\/\/bitscope.umk.pl\/en\/wp-json\/wp\/v2\/media?parent=281"}],"curies":[{"name":"wp","href":"https:\/\/api.w.org\/{rel}","templated":true}]}}