{"id":257,"date":"2023-06-13T09:32:01","date_gmt":"2023-06-13T07:32:01","guid":{"rendered":"https:\/\/bitscope.umk.pl\/?page_id=257"},"modified":"2023-09-18T17:23:35","modified_gmt":"2023-09-18T15:23:35","slug":"veslava-osinska","status":"publish","type":"page","link":"https:\/\/bitscope.umk.pl\/en\/veslava-osinska\/","title":{"rendered":"Veslava Osi\u0144ska"},"content":{"rendered":"<div data-elementor-type=\"wp-page\" data-elementor-id=\"257\" class=\"elementor elementor-257\" data-elementor-post-type=\"page\">\n\t\t\t\t\t\t<section class=\"elementor-section elementor-top-section elementor-element elementor-element-d7783ad elementor-section-boxed elementor-section-height-default elementor-section-height-default\" data-id=\"d7783ad\" data-element_type=\"section\" data-e-type=\"section\">\n\t\t\t\t\t\t<div class=\"elementor-container elementor-column-gap-default\">\n\t\t\t\t\t<div class=\"elementor-column elementor-col-33 elementor-top-column elementor-element elementor-element-0cc6927\" data-id=\"0cc6927\" data-element_type=\"column\" data-e-type=\"column\">\n\t\t\t<div class=\"elementor-widget-wrap elementor-element-populated\">\n\t\t\t\t\t\t<div class=\"elementor-element elementor-element-d8ccca4 elementor-widget elementor-widget-image\" data-id=\"d8ccca4\" data-element_type=\"widget\" data-e-type=\"widget\" data-widget_type=\"image.default\">\n\t\t\t\t<div class=\"elementor-widget-container\">\n\t\t\t\t\t\t\t\t\t\t\t\t\t\t\t<img fetchpriority=\"high\" decoding=\"async\" width=\"400\" height=\"400\" src=\"https:\/\/bitscope.umk.pl\/wp-content\/uploads\/2023\/09\/v_osinska.png\" class=\"attachment-large size-large wp-image-479\" alt=\"\" srcset=\"https:\/\/bitscope.umk.pl\/wp-content\/uploads\/2023\/09\/v_osinska.png 400w, https:\/\/bitscope.umk.pl\/wp-content\/uploads\/2023\/09\/elementor\/thumbs\/v_osinska-qcq60aai1c0e3lfa0ifqrtjpbmwm6lvapl1fapirw8.png 300w, https:\/\/bitscope.umk.pl\/wp-content\/uploads\/2023\/09\/elementor\/thumbs\/v_osinska-qclilo6ljpug5j6fl3swyhwkmz02dht2mx89j9ivz0.png 150w, https:\/\/bitscope.umk.pl\/wp-content\/uploads\/2023\/09\/v_osinska-12x12.png 12w\" sizes=\"(max-width: 400px) 100vw, 400px\" \/>\t\t\t\t\t\t\t\t\t\t\t\t\t\t\t<\/div>\n\t\t\t\t<\/div>\n\t\t\t\t\t<\/div>\n\t\t<\/div>\n\t\t\t\t<div class=\"elementor-column elementor-col-66 elementor-top-column elementor-element elementor-element-3c71aee\" data-id=\"3c71aee\" data-element_type=\"column\" data-e-type=\"column\">\n\t\t\t<div class=\"elementor-widget-wrap elementor-element-populated\">\n\t\t\t\t\t\t<div class=\"elementor-element elementor-element-e69bb70 elementor-widget elementor-widget-text-editor\" data-id=\"e69bb70\" data-element_type=\"widget\" data-e-type=\"widget\" data-widget_type=\"text-editor.default\">\n\t\t\t\t<div class=\"elementor-widget-container\">\n\t\t\t\t\t\t\t\t\t<p class=\"translation-block\"><strong>Veslava Osi\u0144ska<\/strong> \u2013 the Principal Investigator of the Polish team in the Bitscope project. She received physics background and later  PhD  and habilitation in the field of information sciences. She is a supervisor of the NeuroVis laboratory at the Institute of Information and Communication Research at the Nicolaus Copernicus University. She is planning and supervising research workframe on visual perception of users of digital media in the VR space using various experimental methods, such as for example: eye tracking, BCI, and body biosignal monitoring.<\/p><p class=\"translation-block\">She also specializes in multi-scale data visualization methods and information visualization, in particular in relation to the recipients' UX.\nShe is a lector of subjects related to data processing, analyses and visualization.\nShe participates in international research projects and has managed Polish grants. She is a member of several societies, both national and international: Polish Information Technology Society, International Society of Knowledge Organization and the Association of Polish Scientists in Lithuania.\nPrivately, he practices oil and pastel painting in realism style.\nShe is the mother of two adult daughters, Agnieszka and Zosia, the students of the Gda\u0144sk University of Technology and the Adam Mickiewicz University in Pozna\u0144.<\/p>\t\t\t\t\t\t\t\t<\/div>\n\t\t\t\t<\/div>\n\t\t\t\t\t<\/div>\n\t\t<\/div>\n\t\t\t\t\t<\/div>\n\t\t<\/section>\n\t\t\t\t<\/div>","protected":false},"excerpt":{"rendered":"<p>Veslava Osi\u0144ska \u2013 kierownik polskiego zespo\u0142u w projekcie Bitscope. Z wykszta\u0142cenia jest fizykiem, doktoryzowa\u0142a si\u0119 i habilitacj\u0119 uzyska\u0142a z zakresu informatologii (nauki spo\u0142\u0119czne). Kieruje laboratorium NeuroVis w Instytutcie Bada\u0144 Informacji i Komunikacji UMK. Planuje i nadzoruje prace badawcze w kierunku percepcji wizualnej uzytkownik\u00f3w medi\u00f3w cyfrowych w przestrzeni VR z u\u017cyciem metod eksperymentalnych, m.n.: eye tracking, [&hellip;]<\/p>","protected":false},"author":1,"featured_media":0,"parent":0,"menu_order":0,"comment_status":"closed","ping_status":"closed","template":"","meta":{"footnotes":""},"class_list":["post-257","page","type-page","status-publish","hentry"],"_links":{"self":[{"href":"https:\/\/bitscope.umk.pl\/en\/wp-json\/wp\/v2\/pages\/257","targetHints":{"allow":["GET"]}}],"collection":[{"href":"https:\/\/bitscope.umk.pl\/en\/wp-json\/wp\/v2\/pages"}],"about":[{"href":"https:\/\/bitscope.umk.pl\/en\/wp-json\/wp\/v2\/types\/page"}],"author":[{"embeddable":true,"href":"https:\/\/bitscope.umk.pl\/en\/wp-json\/wp\/v2\/users\/1"}],"replies":[{"embeddable":true,"href":"https:\/\/bitscope.umk.pl\/en\/wp-json\/wp\/v2\/comments?post=257"}],"version-history":[{"count":0,"href":"https:\/\/bitscope.umk.pl\/en\/wp-json\/wp\/v2\/pages\/257\/revisions"}],"wp:attachment":[{"href":"https:\/\/bitscope.umk.pl\/en\/wp-json\/wp\/v2\/media?parent=257"}],"curies":[{"name":"wp","href":"https:\/\/api.w.org\/{rel}","templated":true}]}}