{"id":245,"date":"2023-05-23T13:24:00","date_gmt":"2023-05-23T11:24:00","guid":{"rendered":"https:\/\/bitscope.umk.pl\/?page_id=245"},"modified":"2023-06-22T09:21:39","modified_gmt":"2023-06-22T07:21:39","slug":"partnerzy","status":"publish","type":"page","link":"https:\/\/bitscope.umk.pl\/en\/partnerzy\/","title":{"rendered":"Partners"},"content":{"rendered":"<div data-elementor-type=\"wp-page\" data-elementor-id=\"245\" class=\"elementor elementor-245\" data-elementor-post-type=\"page\">\n\t\t\t\t\t\t<section class=\"elementor-section elementor-top-section elementor-element elementor-element-1042acd elementor-section-boxed elementor-section-height-default elementor-section-height-default\" data-id=\"1042acd\" data-element_type=\"section\" data-e-type=\"section\">\n\t\t\t\t\t\t<div class=\"elementor-container elementor-column-gap-default\">\n\t\t\t\t\t<div class=\"elementor-column elementor-col-100 elementor-top-column elementor-element elementor-element-6a1bcf8\" data-id=\"6a1bcf8\" data-element_type=\"column\" data-e-type=\"column\">\n\t\t\t<div class=\"elementor-widget-wrap elementor-element-populated\">\n\t\t\t\t\t\t<div class=\"elementor-element elementor-element-9ad8a9c elementor-widget elementor-widget-text-editor\" data-id=\"9ad8a9c\" data-element_type=\"widget\" data-e-type=\"widget\" data-widget_type=\"text-editor.default\">\n\t\t\t\t<div class=\"elementor-widget-container\">\n\t\t\t\t\t\t\t\t\t<p><strong>Projekt Bitscope<\/strong> jest realizowany w g\u0142\u00f3wnymi partnerami programu CHIST-ERA, tworz\u0105cymi Konsorcjum naukowe:<\/p><ol><li>Project coordinator: Ireland Dublin City University \/ Insight Centre for Data Analytics (DCU) <br \/>\u2013 <a href=\"https:\/\/www.insight-centre.org\/our-team\/prof-tomas-ward-2\/\">prof. Tom\u00e1s Ward<\/a>\u00a0<\/li><li>France: Inria Bordeaux Sud- Ouest <br \/>\u2013 <a href=\"https:\/\/sites.google.com\/site\/fabienlotte\/\">prof. Fabien Lotte<\/a><\/li><li>Spain: Universitat Polit\u00e8cnica de Valencia (UPV) <a href=\"https:\/\/i3b.webs.upv.es\/web\/en\/\">Institute of research innovation in Bioengineering <br \/>\u2013 prof. Mariano L. Alca\u00f1iz Raya<\/a> \u00a0<\/li><\/ol>\t\t\t\t\t\t\t\t<\/div>\n\t\t\t\t<\/div>\n\t\t\t\t\t<\/div>\n\t\t<\/div>\n\t\t\t\t\t<\/div>\n\t\t<\/section>\n\t\t\t\t<section class=\"elementor-section elementor-top-section elementor-element elementor-element-eeafc7b elementor-section-boxed elementor-section-height-default elementor-section-height-default\" data-id=\"eeafc7b\" data-element_type=\"section\" data-e-type=\"section\">\n\t\t\t\t\t\t<div class=\"elementor-container elementor-column-gap-default\">\n\t\t\t\t\t<div class=\"elementor-column elementor-col-100 elementor-top-column elementor-element elementor-element-9cb72a8\" data-id=\"9cb72a8\" data-element_type=\"column\" data-e-type=\"column\">\n\t\t\t<div class=\"elementor-widget-wrap elementor-element-populated\">\n\t\t\t\t\t\t<section class=\"elementor-section elementor-inner-section elementor-element elementor-element-dfe9fd1 elementor-section-boxed elementor-section-height-default elementor-section-height-default\" data-id=\"dfe9fd1\" data-element_type=\"section\" data-e-type=\"section\">\n\t\t\t\t\t\t<div class=\"elementor-container elementor-column-gap-default\">\n\t\t\t\t\t<div class=\"elementor-column elementor-col-33 elementor-inner-column elementor-element elementor-element-512ca7d\" data-id=\"512ca7d\" data-element_type=\"column\" data-e-type=\"column\">\n\t\t\t<div class=\"elementor-widget-wrap elementor-element-populated\">\n\t\t\t\t\t\t<div class=\"elementor-element elementor-element-bc7bca0 elementor-widget elementor-widget-image\" data-id=\"bc7bca0\" data-element_type=\"widget\" data-e-type=\"widget\" data-widget_type=\"image.default\">\n\t\t\t\t<div class=\"elementor-widget-container\">\n\t\t\t\t\t\t\t\t\t\t\t\t\t\t\t<img fetchpriority=\"high\" decoding=\"async\" width=\"430\" height=\"400\" src=\"https:\/\/bitscope.umk.pl\/wp-content\/uploads\/2023\/05\/DCU_.png\" class=\"attachment-large size-large wp-image-231\" alt=\"\" srcset=\"https:\/\/bitscope.umk.pl\/wp-content\/uploads\/2023\/05\/DCU_.png 430w, https:\/\/bitscope.umk.pl\/wp-content\/uploads\/2023\/05\/DCU_-300x279.png 300w, https:\/\/bitscope.umk.pl\/wp-content\/uploads\/2023\/05\/DCU_-13x12.png 13w\" sizes=\"(max-width: 430px) 100vw, 430px\" \/>\t\t\t\t\t\t\t\t\t\t\t\t\t\t\t<\/div>\n\t\t\t\t<\/div>\n\t\t\t\t\t<\/div>\n\t\t<\/div>\n\t\t\t\t<div class=\"elementor-column elementor-col-33 elementor-inner-column elementor-element elementor-element-87b1ec4\" data-id=\"87b1ec4\" data-element_type=\"column\" data-e-type=\"column\">\n\t\t\t<div class=\"elementor-widget-wrap elementor-element-populated\">\n\t\t\t\t\t\t<div class=\"elementor-element elementor-element-14a22b5 elementor-widget elementor-widget-image\" data-id=\"14a22b5\" data-element_type=\"widget\" data-e-type=\"widget\" data-widget_type=\"image.default\">\n\t\t\t\t<div class=\"elementor-widget-container\">\n\t\t\t\t\t\t\t\t\t\t\t\t\t\t\t<img decoding=\"async\" width=\"430\" height=\"400\" src=\"https:\/\/bitscope.umk.pl\/wp-content\/uploads\/2023\/05\/valencia.png\" class=\"attachment-large size-large wp-image-233\" alt=\"\" srcset=\"https:\/\/bitscope.umk.pl\/wp-content\/uploads\/2023\/05\/valencia.png 430w, https:\/\/bitscope.umk.pl\/wp-content\/uploads\/2023\/05\/valencia-300x279.png 300w, https:\/\/bitscope.umk.pl\/wp-content\/uploads\/2023\/05\/valencia-13x12.png 13w\" sizes=\"(max-width: 430px) 100vw, 430px\" \/>\t\t\t\t\t\t\t\t\t\t\t\t\t\t\t<\/div>\n\t\t\t\t<\/div>\n\t\t\t\t\t<\/div>\n\t\t<\/div>\n\t\t\t\t<div class=\"elementor-column elementor-col-33 elementor-inner-column elementor-element elementor-element-008d7e0\" data-id=\"008d7e0\" data-element_type=\"column\" data-e-type=\"column\">\n\t\t\t<div class=\"elementor-widget-wrap elementor-element-populated\">\n\t\t\t\t\t\t<div class=\"elementor-element elementor-element-905e1b7 elementor-widget elementor-widget-image\" data-id=\"905e1b7\" data-element_type=\"widget\" data-e-type=\"widget\" data-widget_type=\"image.default\">\n\t\t\t\t<div class=\"elementor-widget-container\">\n\t\t\t\t\t\t\t\t\t\t\t\t\t\t\t<img decoding=\"async\" width=\"430\" height=\"400\" src=\"https:\/\/bitscope.umk.pl\/wp-content\/uploads\/2023\/05\/Inria_.png\" class=\"attachment-large size-large wp-image-234\" alt=\"\" srcset=\"https:\/\/bitscope.umk.pl\/wp-content\/uploads\/2023\/05\/Inria_.png 430w, https:\/\/bitscope.umk.pl\/wp-content\/uploads\/2023\/05\/Inria_-300x279.png 300w, https:\/\/bitscope.umk.pl\/wp-content\/uploads\/2023\/05\/Inria_-13x12.png 13w\" sizes=\"(max-width: 430px) 100vw, 430px\" \/>\t\t\t\t\t\t\t\t\t\t\t\t\t\t\t<\/div>\n\t\t\t\t<\/div>\n\t\t\t\t\t<\/div>\n\t\t<\/div>\n\t\t\t\t\t<\/div>\n\t\t<\/section>\n\t\t\t\t\t<\/div>\n\t\t<\/div>\n\t\t\t\t\t<\/div>\n\t\t<\/section>\n\t\t\t\t<section class=\"elementor-section elementor-top-section elementor-element elementor-element-e54f74e elementor-section-boxed elementor-section-height-default elementor-section-height-default\" data-id=\"e54f74e\" data-element_type=\"section\" data-e-type=\"section\">\n\t\t\t\t\t\t<div class=\"elementor-container elementor-column-gap-default\">\n\t\t\t\t\t<div class=\"elementor-column elementor-col-100 elementor-top-column elementor-element elementor-element-4e71ab7\" data-id=\"4e71ab7\" data-element_type=\"column\" data-e-type=\"column\">\n\t\t\t<div class=\"elementor-widget-wrap elementor-element-populated\">\n\t\t\t\t\t\t<div class=\"elementor-element elementor-element-0c4561d elementor-widget elementor-widget-text-editor\" data-id=\"0c4561d\" data-element_type=\"widget\" data-e-type=\"widget\" data-widget_type=\"text-editor.default\">\n\t\t\t\t<div class=\"elementor-widget-container\">\n\t\t\t\t\t\t\t\t\t<p>W pracach nad projektem i pokrewnych tematycznie, czyli nad\u00a0 wykorzystanie technologii eye tracking i BCI do analizy uwagi i motoryki u\u017cytkownik\u00f3w wykorzystujemy konsultacje z ekspertami:<\/p><ul><li>w zakresie bada\u0144 pasywnego BCI oraz analizy sygna\u0142\u00f3w wspomaganej algorytmami uczenia maszynowego: <strong><a href=\"https:\/\/www.riken.jp\/en\/about\/\">Tomasz Rutkowski, pracownik Center for Advanced Intelligence Project (RIKEN AIP), wizytuj\u0105cy UMK.\u00a0<\/a><\/strong><\/li><li>w zakresie bada\u0144 neurokognitywnych i personalizacji interwencji kognitywnych:<strong> <a href=\"https:\/\/www.wfins.umk.pl\/wydzial\/pracownicy\/?id=3674530\">Tomasz Komendzi\u0144ski<\/a>,<\/strong> Katedra Kognitywistyki WFiNS UMK\u00a0<\/li><li>w zakresie psychologicznych aspekt\u00f3w zachowa\u0144 u\u017cytkownik\u00f3w: <strong><a href=\"http:\/\/psychologia.umk.pl\/about-us\/dr-Joanna-Dreszer\">Joanna Dreszer<\/a>,<\/strong> Instytut Psychologii WFiNS UMK<\/li><li>w zakresie interfejs\u00f3w BCI: <strong><a href=\"https:\/\/wm.po.edu.pl\/pracownicy\/aleksandra-kawala-sterniuk\/\" target=\"_blank\" rel=\"noopener\">Aleksandra Kawala-Sterniuk<\/a><\/strong>, Politechnika Opolska.<\/li><\/ul>\t\t\t\t\t\t\t\t<\/div>\n\t\t\t\t<\/div>\n\t\t\t\t\t<\/div>\n\t\t<\/div>\n\t\t\t\t\t<\/div>\n\t\t<\/section>\n\t\t\t\t<\/div>","protected":false},"excerpt":{"rendered":"<p>Projekt Bitscope jest realizowany w g\u0142\u00f3wnymi partnerami programu CHIST-ERA, tworz\u0105cymi Konsorcjum naukowe: Koordynator projektu: Irlandia Dublin City University \/ Insight Centre for Data Analytics (DCU) \u2013 prof. Tom\u00e1s Ward\u00a0 Francja: Inria Bordeaux Sud- Ouest \u2013 prof. Fabien Lotte Hiszpania: Universitat Polit\u00e8cnica de Valencia (UPV) Institute of research innovation in Bioengineering \u2013 prof. Mariano L. Alca\u00f1iz [&hellip;]<\/p>","protected":false},"author":1,"featured_media":0,"parent":0,"menu_order":0,"comment_status":"closed","ping_status":"closed","template":"","meta":{"footnotes":""},"class_list":["post-245","page","type-page","status-publish","hentry"],"_links":{"self":[{"href":"https:\/\/bitscope.umk.pl\/en\/wp-json\/wp\/v2\/pages\/245","targetHints":{"allow":["GET"]}}],"collection":[{"href":"https:\/\/bitscope.umk.pl\/en\/wp-json\/wp\/v2\/pages"}],"about":[{"href":"https:\/\/bitscope.umk.pl\/en\/wp-json\/wp\/v2\/types\/page"}],"author":[{"embeddable":true,"href":"https:\/\/bitscope.umk.pl\/en\/wp-json\/wp\/v2\/users\/1"}],"replies":[{"embeddable":true,"href":"https:\/\/bitscope.umk.pl\/en\/wp-json\/wp\/v2\/comments?post=245"}],"version-history":[{"count":0,"href":"https:\/\/bitscope.umk.pl\/en\/wp-json\/wp\/v2\/pages\/245\/revisions"}],"wp:attachment":[{"href":"https:\/\/bitscope.umk.pl\/en\/wp-json\/wp\/v2\/media?parent=245"}],"curies":[{"name":"wp","href":"https:\/\/api.w.org\/{rel}","templated":true}]}}