{"id":215,"date":"2023-03-29T19:21:46","date_gmt":"2023-03-29T17:21:46","guid":{"rendered":"https:\/\/bitscope.umk.pl\/?page_id=215"},"modified":"2023-03-29T19:23:58","modified_gmt":"2023-03-29T17:23:58","slug":"elementor-215","status":"publish","type":"page","link":"https:\/\/bitscope.umk.pl\/en\/elementor-215\/","title":{"rendered":"Declaration of Website Availability"},"content":{"rendered":"<div data-elementor-type=\"wp-page\" data-elementor-id=\"215\" class=\"elementor elementor-215\" data-elementor-post-type=\"page\">\n\t\t\t\t\t\t<section class=\"elementor-section elementor-top-section elementor-element elementor-element-79afe6f elementor-section-boxed elementor-section-height-default elementor-section-height-default\" data-id=\"79afe6f\" data-element_type=\"section\" data-e-type=\"section\">\n\t\t\t\t\t\t<div class=\"elementor-container elementor-column-gap-default\">\n\t\t\t\t\t<div class=\"elementor-column elementor-col-100 elementor-top-column elementor-element elementor-element-5d28604\" data-id=\"5d28604\" data-element_type=\"column\" data-e-type=\"column\">\n\t\t\t<div class=\"elementor-widget-wrap elementor-element-populated\">\n\t\t\t\t\t\t<div class=\"elementor-element elementor-element-0aeb340 elementor-widget elementor-widget-text-editor\" data-id=\"0aeb340\" data-element_type=\"widget\" data-e-type=\"widget\" data-widget_type=\"text-editor.default\">\n\t\t\t\t<div class=\"elementor-widget-container\">\n\t\t\t\t\t\t\t\t\t<p>Uniwersytet Miko\u0142aja Kopernika w Toruniu\u202fzobowi\u0105zuje si\u0119 zapewni\u0107 dost\u0119pno\u015b\u0107 swojej strony internetowej zgodnie z przepisami ustawy z dnia 4\u202fkwietnia 2019\u202fr. o\u202fdost\u0119pno\u015bci cyfrowej stron internetowych i\u202faplikacji mobilnych podmiot\u00f3w publicznych. O\u015bwiadczenie w sprawie dost\u0119pno\u015bci ma zastosowanie do strony internetowej\u202f<b> projektu BITSCOPE.\u00a0<\/b><\/p><ul><li>Data publikacji strony internetowej:\u202f2023-03-29<\/li><li>Data ostatniej istotnej aktualizacji:\u202f2023-03-29<\/li><\/ul><h2>Status pod wzgl\u0119dem zgodno\u015bci z ustaw\u0105<\/h2><p>Strona internetowa jest\u202f<strong>niezgodna<\/strong>\u202fz\u202fustaw\u0105 z dnia 4 kwietnia 2019 r. o\u202fdost\u0119pno\u015bci cyfrowej stron internetowych i\u202faplikacji mobilnych podmiot\u00f3w publicznych.<\/p><p>Niezgodno\u015b\u0107 (niezgodno\u015bci) lub wy\u0142\u0105czenia wymieniono poni\u017cej:<\/p><ul><li>grafiki nie posiadaj\u0105 tekstu alternatywnego lub tekst jest nieprawid\u0142owy,<\/li><li>filmy nie posiadaj\u0105 napis\u00f3w rozszerzonych,<\/li><li>filmy nie posiadaj\u0105 audiodeskrypcji,<\/li><li>wyst\u0119puj\u0105 elementy o zbyt niskim kontra\u015bcie,<\/li><li>brak mo\u017cliwo\u015bci pe\u0142nej obs\u0142ugi strony za pomoc\u0105 klawiatury,<\/li><li>brak mechanizmu zatrzymuj\u0105cego slider na stronie g\u0142\u00f3wnej,<\/li><li>nie da si\u0119 dotrze\u0107 do wszystkich element\u00f3w za pomoc\u0105 fokusa klawiatury,<\/li><li>okienka\/zak\u0142adki otwieraj\u0105 si\u0119 w nowym oknie.<\/li><\/ul><h2>Data sporz\u0105dzenia deklaracji i metoda oceny dost\u0119pno\u015bci cyfrowej<\/h2><ul><li>Deklaracj\u0119 sporz\u0105dzono dnia:\u202f2023-03-29<\/li><li>Deklaracja zosta\u0142a ostatnio poddana przegl\u0105dowi i aktualizacji dnia:\u202f2023-03-29<\/li><\/ul><p>Deklaracj\u0119 dost\u0119pno\u015bci cyfrowej sporz\u0105dzono na podstawie samobadania przeprowadzonego przez podmiot publiczny.<\/p><h2>Informacje zwrotne i dane kontaktowe<\/h2><p>W przypadku problem\u00f3w z dost\u0119pno\u015bci\u0105 strony internetowej prosimy o kontakt. Na adres poczty elektronicznej\u202f<a href=\"mailto:dostepnosc@umk.pl\">dostepnosc@umk.pl\u202f<\/a>mo\u017cna sk\u0142ada\u0107 wnioski o udost\u0119pnienie informacji niedost\u0119pnej oraz sk\u0142ada\u0107 skargi na brak zapewnienia dost\u0119pno\u015bci.<\/p><p>\u017b\u0105danie musi zawiera\u0107:<\/p><ul><li>dane kontaktowe osoby zg\u0142aszaj\u0105cej,<\/li><li>wskazanie strony lub elementu strony, kt\u00f3rej dotyczy \u017c\u0105danie,<\/li><li>wskazanie dogodnej formy udost\u0119pnienia informacji, je\u015bli \u017c\u0105danie dotyczy udost\u0119pnienia w formie alternatywnej informacji niedost\u0119pnej.<\/li><\/ul><p>Rozpatrzenie zg\u0142oszenia powinno nast\u0105pi\u0107 niezw\u0142ocznie, najp\u00f3\u017aniej w ci\u0105gu 7 dni. Je\u015bli w tym terminie zapewnienie dost\u0119pno\u015bci albo zapewnienie dost\u0119pu w alternatywnej formie nie jest mo\u017cliwe, powinno nast\u0105pi\u0107 najdalej w ci\u0105gu 2 miesi\u0119cy od daty zg\u0142oszenia.<\/p><p>W przypadku, gdy podmiot odm\u00f3wi realizacji \u017c\u0105dania zapewnienia dost\u0119pno\u015bci lub alternatywnego dost\u0119pu do informacji, mo\u017cna z\u0142o\u017cy\u0107 skarg\u0119 na takie dzia\u0142anie. Po wyczerpaniu wszystkich mo\u017cliwo\u015bci skarg\u0119 mo\u017cna przes\u0142a\u0107 tak\u017ce do\u202f<a href=\"https:\/\/www.rpo.gov.pl\/content\/jak-zglosic-sie-do-rzecznika-praw-obywatelskich\">Rzecznika Praw Obywatelskich<\/a>.<\/p><h2>Dost\u0119pno\u015b\u0107 architektoniczna<\/h2><p>Deklaracj\u0119 dost\u0119pno\u015bci architektonicznej sporz\u0105dzono na podstawie samooceny przeprowadzonej przez podmiot publiczny.<\/p><h3>Collegium\u00a0Humanisticum<\/h3><h4>Informacje og\u00f3lne:<\/h4><ul><li>Adres: ul. Bojarskiego 1, 87-100 Toru\u0144<\/li><li>Administrator budynku:\u00a0 Iwona Tla\u0142ka \u2013\u00a0<a href=\"mailto:iwtlalka@umk.pl\">iwtlalka@umk.pl<\/a><\/li><li>Informacja: tel. 611-37-11<\/li><li>Liczba kondygnacji: 4<\/li><li>Powierzchnia budynku: 13.940,16 m<sup>2<\/sup><\/li><\/ul><h4>Dojazd\/doj\u015bcie do budynku<\/h4><p>Przed budynkiem jest parking og\u00f3lnodost\u0119pny, gdzie wyznaczonych jest 12 miejsc dla\u00a0os\u00f3b z niepe\u0142nosprawno\u015bci\u0105, od strony g\u0142\u00f3wnego wej\u015bcia jest 1 miejsce.<br \/>Budynek posiada dwa g\u0142\u00f3wne wyj\u015bcia oraz 5 wyj\u015b\u0107 ewakuacyjnych. Wszystkie wej\u015bcia do budynku s\u0105 z poziomu gruntu. G\u0142\u00f3wne drzwi otwieraj\u0105 si\u0119 automatycznie.<\/p><h4>Informacja o prawie wst\u0119pu z psem asystuj\u0105cym<\/h4><p>Do budynku mo\u017cna wej\u015b\u0107 z psem asystuj\u0105cym, po okazaniu certyfikatu potwierdzaj\u0105cego status psa asystuj\u0105cego.<\/p><h4>Komunikacja wewn\u0105trz budynku<\/h4><p>W budynku znajduje si\u0119 sze\u015b\u0107 klatek schodowych. Trzy windy (w cz\u0119\u015b\u0107 AB i C), pozwalaj dosta\u0107 si\u0119 na wy\u017csze kondygnacje. Windy posiadaj\u0105 oznaczenie w Braille\u2019u.<\/p><h4>Rozk\u0142ad\u202fpomieszcze\u0144<\/h4><ul><li>Portiernia mie\u015bci si\u0119 blisko g\u0142\u00f3wnego wej\u015bcia, a od pracownika mo\u017cna uzyska\u0107 informacje odno\u015bnie budynku.<\/li><li>Na ka\u017cdej kondygnacji i w ka\u017cdej cz\u0119\u015bci budynku s\u0105 toalety dla os\u00f3b z niepe\u0142nosprawno\u015bci\u0105.<\/li><\/ul><h4>Wyposa\u017cenie wspomagaj\u0105ce<\/h4><ul><li>W budynku s\u0105 p\u0119tle indukcyjne dla os\u00f3b niedos\u0142ysz\u0105cych. Wyposa\u017cone pomieszczenia s\u0105 oznakowane naklejkami informacyjnymi na drzwiach.<\/li><li>W bibliotece znajduje si\u0119 powi\u0119kszalnik tekstu I-See HD22<\/li><li>W budynku poza windami nie ma oznacze\u0144 w alfabecie Braille\u2019a ani oznacze\u0144 kontrastowych.<\/li><li>W budynku nie ma mo\u017cliwo\u015bci skorzystania z t\u0142umacza j\u0119zyka migowego.<\/li><\/ul><h4>Ewakuacja<\/h4><ul><li>Brak krzes\u0142a ewakuacyjnego dla os\u00f3b z niepe\u0142nosprawno\u015bci\u0105.<\/li><li>W budynku jest d\u017awi\u0119kowy system ewakuacyjny.<\/li><\/ul>\t\t\t\t\t\t\t\t<\/div>\n\t\t\t\t<\/div>\n\t\t\t\t\t<\/div>\n\t\t<\/div>\n\t\t\t\t\t<\/div>\n\t\t<\/section>\n\t\t\t\t<\/div>","protected":false},"excerpt":{"rendered":"<p>Uniwersytet Miko\u0142aja Kopernika w Toruniu\u202fzobowi\u0105zuje si\u0119 zapewni\u0107 dost\u0119pno\u015b\u0107 swojej strony internetowej zgodnie z przepisami ustawy z dnia 4\u202fkwietnia 2019\u202fr. o\u202fdost\u0119pno\u015bci cyfrowej stron internetowych i\u202faplikacji mobilnych podmiot\u00f3w publicznych. O\u015bwiadczenie w sprawie dost\u0119pno\u015bci ma zastosowanie do strony internetowej\u202f projektu BITSCOPE.&nbsp; Data publikacji strony internetowej:\u202f2023-03-29 Data ostatniej istotnej aktualizacji:\u202f2023-03-29 Status pod wzgl\u0119dem zgodno\u015bci z ustaw\u0105 Strona internetowa jest\u202fniezgodna\u202fz\u202fustaw\u0105 [&hellip;]<\/p>","protected":false},"author":1,"featured_media":0,"parent":0,"menu_order":0,"comment_status":"closed","ping_status":"closed","template":"","meta":{"footnotes":""},"class_list":["post-215","page","type-page","status-publish","hentry"],"_links":{"self":[{"href":"https:\/\/bitscope.umk.pl\/en\/wp-json\/wp\/v2\/pages\/215","targetHints":{"allow":["GET"]}}],"collection":[{"href":"https:\/\/bitscope.umk.pl\/en\/wp-json\/wp\/v2\/pages"}],"about":[{"href":"https:\/\/bitscope.umk.pl\/en\/wp-json\/wp\/v2\/types\/page"}],"author":[{"embeddable":true,"href":"https:\/\/bitscope.umk.pl\/en\/wp-json\/wp\/v2\/users\/1"}],"replies":[{"embeddable":true,"href":"https:\/\/bitscope.umk.pl\/en\/wp-json\/wp\/v2\/comments?post=215"}],"version-history":[{"count":0,"href":"https:\/\/bitscope.umk.pl\/en\/wp-json\/wp\/v2\/pages\/215\/revisions"}],"wp:attachment":[{"href":"https:\/\/bitscope.umk.pl\/en\/wp-json\/wp\/v2\/media?parent=215"}],"curies":[{"name":"wp","href":"https:\/\/api.w.org\/{rel}","templated":true}]}}